{"id":776,"date":"2022-03-08T18:21:49","date_gmt":"2022-03-08T17:21:49","guid":{"rendered":"http:\/\/heidelberg-highlands.de\/wp\/?page_id=776"},"modified":"2022-03-14T11:43:44","modified_gmt":"2022-03-14T10:43:44","slug":"tormore-2","status":"publish","type":"page","link":"http:\/\/www.heidelberg-highlands.de\/wp\/?page_id=776","title":{"rendered":"Burnside 22"},"content":{"rendered":"\t\t<div data-elementor-type=\"wp-post\" data-elementor-id=\"776\" class=\"elementor elementor-776\">\n\t\t\t\t\t\t<section class=\"elementor-section elementor-top-section elementor-element elementor-element-004b68d elementor-section-boxed elementor-section-height-default elementor-section-height-default\" data-id=\"004b68d\" data-element_type=\"section\" data-e-type=\"section\">\n\t\t\t\t\t\t<div class=\"elementor-container elementor-column-gap-default\">\n\t\t\t\t\t<div class=\"elementor-column elementor-col-100 elementor-top-column elementor-element elementor-element-7dfafc0\" data-id=\"7dfafc0\" data-element_type=\"column\" data-e-type=\"column\">\n\t\t\t<div class=\"elementor-widget-wrap elementor-element-populated\">\n\t\t\t\t\t\t<div class=\"elementor-element elementor-element-148b218 elementor-widget elementor-widget-html\" data-id=\"148b218\" data-element_type=\"widget\" data-e-type=\"widget\" data-widget_type=\"html.default\">\n\t\t\t\t<div class=\"elementor-widget-container\">\n\t\t\t\t\t\t\t\t\t<\/div>\n\t\t\t\t<\/div>\n\t\t\t\t\t<\/div>\n\t\t<\/div>\n\t\t\t\t\t<\/div>\n\t\t<\/section>\n\t\t\t\t<section class=\"elementor-section elementor-top-section elementor-element elementor-element-c19980e elementor-reverse-mobile elementor-section-boxed elementor-section-height-default elementor-section-height-default\" data-id=\"c19980e\" data-element_type=\"section\" data-e-type=\"section\" data-settings=\"{&quot;background_background&quot;:&quot;classic&quot;}\">\n\t\t\t\t\t\t<div class=\"elementor-container elementor-column-gap-default\">\n\t\t\t\t\t<div class=\"elementor-column elementor-col-50 elementor-top-column elementor-element elementor-element-bf6d5f6\" data-id=\"bf6d5f6\" data-element_type=\"column\" data-e-type=\"column\">\n\t\t\t<div class=\"elementor-widget-wrap elementor-element-populated\">\n\t\t\t\t\t\t<div class=\"elementor-element elementor-element-affa6ba elementor-widget elementor-widget-heading\" data-id=\"affa6ba\" data-element_type=\"widget\" data-e-type=\"widget\" data-widget_type=\"heading.default\">\n\t\t\t\t<div class=\"elementor-widget-container\">\n\t\t\t\t\t<h4 class=\"elementor-heading-title elementor-size-default\">Heidelberg Highlands <br>Single Malt Scotch Whisky<\/h4>\t\t\t\t<\/div>\n\t\t\t\t<\/div>\n\t\t\t\t<div class=\"elementor-element elementor-element-f5bc1bc elementor-widget elementor-widget-heading\" data-id=\"f5bc1bc\" data-element_type=\"widget\" data-e-type=\"widget\" data-widget_type=\"heading.default\">\n\t\t\t\t<div class=\"elementor-widget-container\">\n\t\t\t\t\t<h2 class=\"elementor-heading-title elementor-size-default\">Burnside<\/h2>\t\t\t\t<\/div>\n\t\t\t\t<\/div>\n\t\t\t\t<div class=\"elementor-element elementor-element-cf5acd6 elementor-widget elementor-widget-heading\" data-id=\"cf5acd6\" data-element_type=\"widget\" data-e-type=\"widget\" data-widget_type=\"heading.default\">\n\t\t\t\t<div class=\"elementor-widget-container\">\n\t\t\t\t\t<h3 class=\"elementor-heading-title elementor-size-default\">Tasting Note<\/h3>\t\t\t\t<\/div>\n\t\t\t\t<\/div>\n\t\t\t\t<div class=\"elementor-element elementor-element-928f6f9 elementor-widget elementor-widget-text-editor\" data-id=\"928f6f9\" data-element_type=\"widget\" data-e-type=\"widget\" data-widget_type=\"text-editor.default\">\n\t\t\t\t<div class=\"elementor-widget-container\">\n\t\t\t\t\t\t\t\t\t<p>Aroma: Vielschichtig und komplex. Sehr fruchtig mit s\u00fcssen gelben Fr\u00fcchten, wie Aprikosen, aber auch \u00c4pfeln. Es folgen Honig, ein Hauch Vanille und Eichenw\u00fcrze<\/p><p>Geschmack: Nicht so s\u00fc\u00df, wie es der Geruch erwarten l\u00e4sst. Trotzdem treten Beeren den Kampf gegen Waldhonig, herbe Schokolade und eine vielschichtige Eichenw\u00fcrze an. Am Ende hin folgt ein Hauch von Roggenbrot.<\/p><p>Abgang: Lang, wie es sich f\u00fcr einen 22 Jahre alten Whisky in Fassst\u00e4rke geh\u00f6rt. Auch im Abgang bleiben viele unterschiedliche Eindr\u00fccke der Eichenw\u00fcrze und auch der Eindruck von Roggenbrot.<\/p><p>Besonderheit: Non Chill-filtered, no coloring<\/p>\t\t\t\t\t\t\t\t<\/div>\n\t\t\t\t<\/div>\n\t\t\t\t<section class=\"elementor-section elementor-inner-section elementor-element elementor-element-7470862 elementor-section-boxed elementor-section-height-default elementor-section-height-default\" data-id=\"7470862\" data-element_type=\"section\" data-e-type=\"section\">\n\t\t\t\t\t\t<div class=\"elementor-container elementor-column-gap-no\">\n\t\t\t\t\t<div class=\"elementor-column elementor-col-50 elementor-inner-column elementor-element elementor-element-c50d8c4\" data-id=\"c50d8c4\" data-element_type=\"column\" data-e-type=\"column\">\n\t\t\t<div class=\"elementor-widget-wrap elementor-element-populated\">\n\t\t\t\t\t\t<div class=\"elementor-element elementor-element-7a410f9 elementor-widget elementor-widget-heading\" data-id=\"7a410f9\" data-element_type=\"widget\" data-e-type=\"widget\" data-widget_type=\"heading.default\">\n\t\t\t\t<div class=\"elementor-widget-container\">\n\t\t\t\t\t<h3 class=\"elementor-heading-title elementor-size-default\"><span class=\"elementor-heading-title elementor-size-default elementor-inline-editing pen\" data-elementor-setting-key=\"title\" data-pen-placeholder=\"Eingabe hier...\" style=\"font-size: 1.6666666666667rem;font-style: normal;clear: both\">Preis: 122,-- \u20ac<\/span><br>Angebotspreis: 112,--\u20ac<\/h3>\t\t\t\t<\/div>\n\t\t\t\t<\/div>\n\t\t\t\t<div class=\"elementor-element elementor-element-abaeec2 elementor-widget elementor-widget-text-editor\" data-id=\"abaeec2\" data-element_type=\"widget\" data-e-type=\"widget\" data-widget_type=\"text-editor.default\">\n\t\t\t\t<div class=\"elementor-widget-container\">\n\t\t\t\t\t\t\t\t\t<p>244,&#8211; \u20ac pro Liter<br \/>Alkohol: 59,1 Vol.%<br \/>Inhalt: 50 cl<\/p><p>Versand zzgl. 5,90 \u20ac pro Flasche<\/p><p><span style=\"text-decoration: underline;\"><span style=\"color: #ffffff; text-decoration: underline;\"><a style=\"color: #ffffff; text-decoration: underline;\" href=\"http:\/\/heidelberg-highlands.de\/wp\/whisky\/\">zur\u00fcck zur \u00dcbersicht \u00bb<\/a><\/span><\/span><\/p>\t\t\t\t\t\t\t\t<\/div>\n\t\t\t\t<\/div>\n\t\t\t\t\t<\/div>\n\t\t<\/div>\n\t\t\t\t<div class=\"elementor-column elementor-col-50 elementor-inner-column elementor-element elementor-element-6c4b637\" data-id=\"6c4b637\" data-element_type=\"column\" data-e-type=\"column\">\n\t\t\t<div class=\"elementor-widget-wrap elementor-element-populated\">\n\t\t\t\t\t\t<div class=\"elementor-element elementor-element-ec7db65 elementor-widget elementor-widget-heading\" data-id=\"ec7db65\" data-element_type=\"widget\" data-e-type=\"widget\" data-widget_type=\"heading.default\">\n\t\t\t\t<div class=\"elementor-widget-container\">\n\t\t\t\t\t<h3 class=\"elementor-heading-title elementor-size-default\">Beschreibung<\/h3>\t\t\t\t<\/div>\n\t\t\t\t<\/div>\n\t\t\t\t<div class=\"elementor-element elementor-element-9c03523 elementor-widget elementor-widget-text-editor\" data-id=\"9c03523\" data-element_type=\"widget\" data-e-type=\"widget\" data-widget_type=\"text-editor.default\">\n\t\t\t\t<div class=\"elementor-widget-container\">\n\t\t\t\t\t\t\t\t\t<p>Artikel:\u00a0 \u00a0 \u00a0 \u00a0 \u00a0 \u00a0 \u00a0Burnside 22<\/p><p>Land:\u00a0\u00a0\u00a0\u00a0\u00a0\u00a0\u00a0\u00a0\u00a0\u00a0\u00a0\u00a0\u00a0\u00a0\u00a0\u00a0 Schottland<\/p><p>Region:\u00a0\u00a0\u00a0\u00a0\u00a0\u00a0\u00a0\u00a0\u00a0\u00a0\u00a0\u00a0 Speyside<\/p><p>Whisky-Typ:\u00a0 \u00a0 Scotch Blended Malt<\/p><p>Destillerie:\u00a0 \u00a0 \u00a0 \u00a0 &#8212;<\/p><p>Abf\u00fcller:\u00a0\u00a0\u00a0\u00a0\u00a0\u00a0\u00a0\u00a0\u00a0\u00a0 Heidelberg Highlands<\/p><p>Alter:\u00a0\u00a0\u00a0\u00a0\u00a0\u00a0\u00a0\u00a0\u00a0\u00a0\u00a0\u00a0\u00a0\u00a0\u00a0\u00a0 22 Jahre<\/p><p>Destilliert:\u00a0 \u00a0 \u00a0 \u00a0 27.09.1996<\/p><p>Abgef\u00fcllt:\u00a0 \u00a0 \u00a0 \u00a0 \u00a008.10.2018<\/p><p>Fass:\u00a0 \u00a0 \u00a0 \u00a0 \u00a0 \u00a0 \u00a0 \u00a0 \u00a0 5759<\/p><p>Fass Typ:\u00a0 \u00a0 \u00a0 \u00a0 \u00a0 Refill Bourbon Hogshead<\/p><p>Alkohol:\u00a0 \u00a0 \u00a0 \u00a0 \u00a0 \u00a0 59,1 Vol.%<\/p>\t\t\t\t\t\t\t\t<\/div>\n\t\t\t\t<\/div>\n\t\t\t\t\t<\/div>\n\t\t<\/div>\n\t\t\t\t\t<\/div>\n\t\t<\/section>\n\t\t\t\t<div class=\"elementor-element elementor-element-62d7762 elementor-align-left elementor-tablet-align-left elementor-widget elementor-widget-button\" data-id=\"62d7762\" data-element_type=\"widget\" data-e-type=\"widget\" data-widget_type=\"button.default\">\n\t\t\t\t<div class=\"elementor-widget-container\">\n\t\t\t\t\t\t\t\t\t<div class=\"elementor-button-wrapper\">\n\t\t\t\t\t<a class=\"elementor-button elementor-button-link elementor-size-md\" href=\"mailto:info@heidelberg-highlands.de\">\n\t\t\t\t\t\t<span class=\"elementor-button-content-wrapper\">\n\t\t\t\t\t\t\t\t\t<span class=\"elementor-button-text\">Hier per E-Mail bestellen  \u00bb<\/span>\n\t\t\t\t\t<\/span>\n\t\t\t\t\t<\/a>\n\t\t\t\t<\/div>\n\t\t\t\t\t\t\t\t<\/div>\n\t\t\t\t<\/div>\n\t\t\t\t\t<\/div>\n\t\t<\/div>\n\t\t\t\t<div class=\"elementor-column elementor-col-50 elementor-top-column elementor-element elementor-element-6c57c32\" data-id=\"6c57c32\" data-element_type=\"column\" data-e-type=\"column\">\n\t\t\t<div class=\"elementor-widget-wrap elementor-element-populated\">\n\t\t\t\t\t\t<div class=\"elementor-element elementor-element-7e2b2ee elementor-widget elementor-widget-image\" data-id=\"7e2b2ee\" data-element_type=\"widget\" data-e-type=\"widget\" data-widget_type=\"image.default\">\n\t\t\t\t<div class=\"elementor-widget-container\">\n\t\t\t\t\t\t\t\t\t\t\t\t\t\t\t<img fetchpriority=\"high\" decoding=\"async\" width=\"350\" height=\"900\" src=\"http:\/\/www.heidelberg-highlands.de\/wp\/wp-content\/uploads\/2022\/03\/Burnside-Homepage-e1646760333483.jpg\" class=\"attachment-full size-full wp-image-777\" alt=\"\" \/>\t\t\t\t\t\t\t\t\t\t\t\t\t\t\t<\/div>\n\t\t\t\t<\/div>\n\t\t\t\t\t<\/div>\n\t\t<\/div>\n\t\t\t\t\t<\/div>\n\t\t<\/section>\n\t\t\t\t<\/div>\n\t\t","protected":false},"excerpt":{"rendered":"<p>Heidelberg Highlands Single Malt Scotch Whisky Burnside Tasting Note Aroma: Vielschichtig und komplex. Sehr fruchtig mit s\u00fcssen gelben Fr\u00fcchten, wie Aprikosen, aber auch \u00c4pfeln. Es folgen Honig, ein Hauch Vanille und Eichenw\u00fcrze Geschmack: Nicht so s\u00fc\u00df, wie es der Geruch erwarten l\u00e4sst. Trotzdem treten Beeren den Kampf gegen Waldhonig, herbe Schokolade und eine vielschichtige Eichenw\u00fcrze [&hellip;]<\/p>\n","protected":false},"author":1,"featured_media":0,"parent":0,"menu_order":2,"comment_status":"closed","ping_status":"closed","template":"","meta":{"site-sidebar-layout":"no-sidebar","site-content-layout":"page-builder","ast-site-content-layout":"default","site-content-style":"default","site-sidebar-style":"default","ast-global-header-display":"","ast-banner-title-visibility":"","ast-main-header-display":"","ast-hfb-above-header-display":"","ast-hfb-below-header-display":"","ast-hfb-mobile-header-display":"","site-post-title":"disabled","ast-breadcrumbs-content":"","ast-featured-img":"disabled","footer-sml-layout":"","theme-transparent-header-meta":"default","adv-header-id-meta":"","stick-header-meta":"","header-above-stick-meta":"","header-main-stick-meta":"","header-below-stick-meta":"","astra-migrate-meta-layouts":"default","ast-page-background-enabled":"default","ast-page-background-meta":{"desktop":{"background-color":"","background-image":"","background-repeat":"repeat","background-position":"center center","background-size":"auto","background-attachment":"scroll","background-type":"","background-media":"","overlay-type":"","overlay-color":"","overlay-opacity":"","overlay-gradient":""},"tablet":{"background-color":"","background-image":"","background-repeat":"repeat","background-position":"center center","background-size":"auto","background-attachment":"scroll","background-type":"","background-media":"","overlay-type":"","overlay-color":"","overlay-opacity":"","overlay-gradient":""},"mobile":{"background-color":"","background-image":"","background-repeat":"repeat","background-position":"center center","background-size":"auto","background-attachment":"scroll","background-type":"","background-media":"","overlay-type":"","overlay-color":"","overlay-opacity":"","overlay-gradient":""}},"ast-content-background-meta":{"desktop":{"background-color":"var(--ast-global-color-5)","background-image":"","background-repeat":"repeat","background-position":"center center","background-size":"auto","background-attachment":"scroll","background-type":"","background-media":"","overlay-type":"","overlay-color":"","overlay-opacity":"","overlay-gradient":""},"tablet":{"background-color":"var(--ast-global-color-5)","background-image":"","background-repeat":"repeat","background-position":"center center","background-size":"auto","background-attachment":"scroll","background-type":"","background-media":"","overlay-type":"","overlay-color":"","overlay-opacity":"","overlay-gradient":""},"mobile":{"background-color":"var(--ast-global-color-5)","background-image":"","background-repeat":"repeat","background-position":"center center","background-size":"auto","background-attachment":"scroll","background-type":"","background-media":"","overlay-type":"","overlay-color":"","overlay-opacity":"","overlay-gradient":""}},"footnotes":""},"class_list":["post-776","page","type-page","status-publish","hentry"],"_links":{"self":[{"href":"http:\/\/www.heidelberg-highlands.de\/wp\/index.php?rest_route=\/wp\/v2\/pages\/776","targetHints":{"allow":["GET"]}}],"collection":[{"href":"http:\/\/www.heidelberg-highlands.de\/wp\/index.php?rest_route=\/wp\/v2\/pages"}],"about":[{"href":"http:\/\/www.heidelberg-highlands.de\/wp\/index.php?rest_route=\/wp\/v2\/types\/page"}],"author":[{"embeddable":true,"href":"http:\/\/www.heidelberg-highlands.de\/wp\/index.php?rest_route=\/wp\/v2\/users\/1"}],"replies":[{"embeddable":true,"href":"http:\/\/www.heidelberg-highlands.de\/wp\/index.php?rest_route=%2Fwp%2Fv2%2Fcomments&post=776"}],"version-history":[{"count":16,"href":"http:\/\/www.heidelberg-highlands.de\/wp\/index.php?rest_route=\/wp\/v2\/pages\/776\/revisions"}],"predecessor-version":[{"id":1061,"href":"http:\/\/www.heidelberg-highlands.de\/wp\/index.php?rest_route=\/wp\/v2\/pages\/776\/revisions\/1061"}],"wp:attachment":[{"href":"http:\/\/www.heidelberg-highlands.de\/wp\/index.php?rest_route=%2Fwp%2Fv2%2Fmedia&parent=776"}],"curies":[{"name":"wp","href":"https:\/\/api.w.org\/{rel}","templated":true}]}}