{"id":70,"date":"2020-03-20T17:33:39","date_gmt":"2020-03-20T16:33:39","guid":{"rendered":"http:\/\/heidelberg-highlands.de\/wp\/?page_id=70"},"modified":"2020-03-20T20:29:29","modified_gmt":"2020-03-20T19:29:29","slug":"agb","status":"publish","type":"page","link":"http:\/\/www.heidelberg-highlands.de\/wp\/?page_id=70","title":{"rendered":"AGB"},"content":{"rendered":"\t\t<div data-elementor-type=\"wp-post\" data-elementor-id=\"70\" class=\"elementor elementor-70\">\n\t\t\t\t\t\t<section class=\"elementor-section elementor-top-section elementor-element elementor-element-004b68d elementor-section-boxed elementor-section-height-default elementor-section-height-default\" data-id=\"004b68d\" data-element_type=\"section\" data-e-type=\"section\">\n\t\t\t\t\t\t<div class=\"elementor-container elementor-column-gap-default\">\n\t\t\t\t\t<div class=\"elementor-column elementor-col-100 elementor-top-column elementor-element elementor-element-7dfafc0\" data-id=\"7dfafc0\" data-element_type=\"column\" data-e-type=\"column\">\n\t\t\t<div class=\"elementor-widget-wrap elementor-element-populated\">\n\t\t\t\t\t\t<div class=\"elementor-element elementor-element-148b218 elementor-widget elementor-widget-html\" data-id=\"148b218\" data-element_type=\"widget\" data-e-type=\"widget\" data-widget_type=\"html.default\">\n\t\t\t\t<div class=\"elementor-widget-container\">\n\t\t\t\t\t\t\t\t\t<\/div>\n\t\t\t\t<\/div>\n\t\t\t\t<div class=\"elementor-element elementor-element-86ba21f elementor-widget elementor-widget-heading\" data-id=\"86ba21f\" data-element_type=\"widget\" data-e-type=\"widget\" data-widget_type=\"heading.default\">\n\t\t\t\t<div class=\"elementor-widget-container\">\n\t\t\t\t\t<h2 class=\"elementor-heading-title elementor-size-default\"><br> Allgemeine Gesch\u00e4ftsbedingungen<\/h2>\t\t\t\t<\/div>\n\t\t\t\t<\/div>\n\t\t\t\t<div class=\"elementor-element elementor-element-1864359 elementor-widget elementor-widget-text-editor\" data-id=\"1864359\" data-element_type=\"widget\" data-e-type=\"widget\" data-widget_type=\"text-editor.default\">\n\t\t\t\t<div class=\"elementor-widget-container\">\n\t\t\t\t\t\t\t\t\t<p class=\"paragraph_style_1\"><strong>1. Anwendungsbereich<\/strong> <br \/>Diese Allgemeinen Gesch\u00e4ftsbedingungen gelten f\u00fcr alle Vertr\u00e4ge, die Sie mit uns, der Heidelberg Highlands GbR, abschlie\u00dfen. <\/p><p class=\"paragraph_style_1\"><strong>2. Lieferung \/ Preise \/ Versandkosten<br \/><\/strong>Die Lieferung erfolgt mit DHL oder Spedition. Soweit nicht anders vereinbart oder nicht anders am Artikel beschrieben, liefern wir innerhalb von 3-5 Tagen ab Eingang Ihrer Bestellung bzw. bei Vorkasse ab Eingang des Geldes bei uns. <br \/>Alle Preise sind Gesamtpreise in Euro, d.h. sie beinhalten alle Preisbestandteile sowie die gesetzliche Umsatzsteuer. <br \/>Zus\u00e4tzlich berechnen wir pro Bestellung Versandkosten in H\u00f6he von 5,90 \u20ac pro Flasche. Bei gr\u00f6\u00dferen Bestellungen k\u00f6nnen auf Anfrage\u00a0 abweichende Versandkosten vereinbart werden.<\/p><p class=\"paragraph_style_1\"><strong>3. Vertragsschluss \/ Korrektur Eingabefehler \/ Vertragssprache<br \/><\/strong>Die Darstellung der Artikel stellt kein rechtlich bindendes Angebot, sondern eine Aufforderung an Sie dar, uns ein verbindliches Angebot zu unterbreiten. Dieses Angebot k\u00f6nnen Sie sowohl telefonisch, als auch per Brief, Fax oder E-Mail abgeben. Bet\u00e4tigen Sie die Schaltfl\u00e4che auf unserer Website &#8222;Hier bestellen&#8220; \u00f6ffnen sich ihr E-Mailprogramm (je nach individueller Einstellung) und Sie k\u00f6nnen eine Bestellung (Angebot) via E-Mail an uns versenden.<br \/>Nach Eingang Ihrer Bestellung erhalten Sie eine E-Mail, die Ihr abgegebenes Angebot (Bestellung) dokumentiert. Diese E-Mail best\u00e4tigt lediglich, dass die Bestellung bei uns eingegangen ist; ein Vertrag kommt damit noch nicht zustande. Ein wirksamer Vertrag kommt erst dann zustande, wenn wir Ihr Angebot durch Zahlungsaufforderung nach Bestellabgabe, durch Auftragsbest\u00e4tigung per E-Mail oder telefonisch innerhalb von f\u00fcnf Tagen annehmen. <br \/>Der Vertragsschluss erfolgt ausschlie\u00dflich in deutscher Sprache. <br \/>Eingabefehler k\u00f6nnen Sie bei einer E-Mail-Bestellung vor dem Absenden Ihrer Bestellung durch die \u00fcblichen Funktionen Ihrer Tastatur\/Maus korrigieren.\u00a0 Nach endg\u00fcltigem Absenden Ihrer E-Mail k\u00f6nnen Eingabefehler danach nicht mehr korrigiert werden. In solchen F\u00e4llen bitten wir Sie unverz\u00fcglich Kontakt mit uns aufzunehmen. <br \/>Vertr\u00e4ge kommen zustande mit: Heidelberg Highlands GbR, vertreten durch die einzelvertretungsberechtigten Gesellschafter J\u00fcrgen Eger, Bennet Jakob, Simon Jakob, Ralf Quintel, Michael Radvan, Frank Wallendorf, und Werner Wenchel, Bergheimer Stra\u00dfe 49, 69115 Heidelberg<\/p><p class=\"paragraph_style_1\"><strong>4. Zahlungsbedingungen<br \/><\/strong>Wie Sie bezahlen wollen, bestimmen Sie bei jeder Bestellung neu. Sie k\u00f6nnen bei uns\u00a0 per Vorkasse bezahlen. Ebenfalls bieten wir an, bei einer pers\u00f6nlichen Abholung der Ware eine Bezahlung in bar vorzunehmen.<\/p><p class=\"paragraph_style_1\"><strong>5. Eigentumsvorbehalt<br \/><\/strong>Bis zur vollst\u00e4ndigen Bezahlung bleibt die gelieferte Ware Eigentum der Heidelberg Highlands GbR.<\/p><p class=\"paragraph_style_1\"><strong>6. Gew\u00e4hrleistungsbedingungen (M\u00e4ngelhaftung) und \u00fcbrige Haftung des Verk\u00e4ufers<br \/><\/strong>Es gelten grunds\u00e4tzlich die gesetzlichen Gew\u00e4hrleistungsbestimmungen. <br \/>Die Heidelberg Highlands GbR haftet dem Kunden aus allen vertraglichen, vertrags\u00e4hnlichen und gesetzlichen, auch deliktischen Anspr\u00fcchen auf Schadens- und Aufwendungsersatz wie folgt:<br \/>Die Heideberg Highlands GbR haftet aus jedem Rechtsgrund uneingeschr\u00e4nkt bei Vorsatz oder grober Fahrl\u00e4ssigkeit, bei vors\u00e4tzlicher oder fahrl\u00e4ssiger Verletzung des Lebens, des K\u00f6rpers oder der Gesundheit, aufgrund eines Garantieversprechens, soweit diesbez\u00fcglich nichts anderes geregelt ist, aufgrund zwingender Haftung wie etwa nach dem Produkthaftungsgesetz.<br \/>Verletzt die Heidelberg Highlands GbR fahrl\u00e4ssig eine wesentliche Vertragspflicht, ist die Haftung auf den vertragstypischen, vorhersehbaren Schaden begrenzt, sofern nicht gem\u00e4\u00df Vorstehendem unbeschr\u00e4nkt gehaftet wird. Wesentliche Vertragspflichten sind Pflichten, die der Vertrag dem Verk\u00e4ufer nach seinem Inhalt zur Erreichung des Vertragszwecks auferlegt, deren Erf\u00fcllung die ordnungsgem\u00e4\u00dfe Durchf\u00fchrung des Vertrags \u00fcberhaupt erst erm\u00f6glicht und auf deren Einhaltung der Kunde regelm\u00e4\u00dfig vertrauen darf.<br \/>Im \u00dcbrigen ist die Haftung der Heidelberg Highlands GbR ausgeschlossen.<br \/>Vorstehende Haftungsregelungen gelten auch im Hinblick auf die Haftung der Heidelberg Highlands GbR f\u00fcr deren Erf\u00fcllungsgehilfen und gesetzlichen Vertreter <\/p><p class=\"paragraph_style_1\"><strong>7. Speicherung Vertragstext<br \/><\/strong>Der Vertragstext wird bei uns gespeichert und Ihnen unmittelbar nach Abschicken Ihres Angebots auf Abschluss eines Kaufvertrages zusammen mit den AGB per Email zugesandt. <\/p><p class=\"paragraph_style_1\"><strong>8. Beschwerdeverfahren\/Streitschlichtung<br \/><\/strong>Die EU-Kommission h\u00e4lt eine Plattform f\u00fcr au\u00dfergerichtliche Streitschlichtung bereit. Verbrauchern gibt dies die M\u00f6glichkeit, Streitigkeiten im Zusammenhang mit ihrer Online-Bestellung zun\u00e4chst ohne die Einschaltung eines Gerichts zu kl\u00e4ren. Die Streitbeilegungs-Plattform ist unter dem externen Link <a title=\"http:\/\/ec.europa.eu\/consumers\/odr\/\" href=\"http:\/\/ec.europa.eu\/consumers\/odr\/\">http:\/\/ec.europa.eu\/consumers\/odr\/<\/a> erreichbar. Unsere E-Mail-Adresse lautet: <a title=\"mailto:info@heidelberg-highlands.de\" href=\"mailto:info@heidelberg-highlands.de\">info@heidelberg-highlands.de<\/a><\/p><p class=\"paragraph_style_1\"><strong>9. Verhaltenskodex<br \/><\/strong>Einem besonderen Verhaltenskodex unterliegen wir nicht. <\/p><p class=\"paragraph_style_1\"><strong>10. Alkohol<br \/><\/strong>Unsere Produkte enthalten Alkohol und d\u00fcrfen nicht an Personen unter dem gesetzlichen Mindestalter abgegeben werden. Mit Ihrer Bestellung best\u00e4tigen Sie, dass Sie das gesetzlich vorgeschriebene Mindestalter haben. Bitte seien Sie verantwortungsvoll im Umgang mit diesem Artikel. Weitere Informationen unter kenn-dein-limit.info.<\/p><p class=\"paragraph_style_1\"><strong>11. Widerrufsrecht<br \/><\/strong>Verbrauchern steht grunds\u00e4tzlich ein Widerrufsrecht zu. N\u00e4here Informationen zum Widerrufsrecht ergeben sich aus der Widerrufsbelehrung der Heidelberg Highlands GbR.<\/p><p class=\"paragraph_style_1\"><strong>12. Information zur Identit\u00e4t des Verk\u00e4ufers<br \/><\/strong>Heidelberg Highlands GbR, Bergheimer Stra\u00dfe 49, 69115 Heidelberg<br \/><strong>Vertreten durch die einzelvertretungsberechtigten Gesellschafter:\u00a0<\/strong>Simon G. Jakob, J\u00fcrgen Eger , Bennet Jakob, Ralf Quintel, Michael Radvan, Frank Wallendorf, Werner Wenchel<br \/><strong>Kontakt:\u00a0<\/strong>Telefon: 06221 140714, Telefax: 06221 140740, E-Mail: <a title=\"mailto:info@heidelberg-highlands.de\" href=\"mailto:info@heidelberg-highlands.de\">info@heidelberg-highlands.de<\/a><\/p>\t\t\t\t\t\t\t\t<\/div>\n\t\t\t\t<\/div>\n\t\t\t\t\t<\/div>\n\t\t<\/div>\n\t\t\t\t\t<\/div>\n\t\t<\/section>\n\t\t\t\t<\/div>\n\t\t","protected":false},"excerpt":{"rendered":"<p>Allgemeine Gesch\u00e4ftsbedingungen 1. Anwendungsbereich Diese Allgemeinen Gesch\u00e4ftsbedingungen gelten f\u00fcr alle Vertr\u00e4ge, die Sie mit uns, der Heidelberg Highlands GbR, abschlie\u00dfen. 2. Lieferung \/ Preise \/ Versandkosten Die Lieferung erfolgt mit DHL oder Spedition. Soweit nicht anders vereinbart oder nicht anders am Artikel beschrieben, liefern wir innerhalb von 3-5 Tagen ab Eingang Ihrer Bestellung bzw. bei [&hellip;]<\/p>\n","protected":false},"author":1,"featured_media":0,"parent":53,"menu_order":12,"comment_status":"closed","ping_status":"closed","template":"","meta":{"site-sidebar-layout":"no-sidebar","site-content-layout":"page-builder","ast-site-content-layout":"default","site-content-style":"default","site-sidebar-style":"default","ast-global-header-display":"","ast-banner-title-visibility":"","ast-main-header-display":"","ast-hfb-above-header-display":"","ast-hfb-below-header-display":"","ast-hfb-mobile-header-display":"","site-post-title":"disabled","ast-breadcrumbs-content":"","ast-featured-img":"disabled","footer-sml-layout":"","theme-transparent-header-meta":"default","adv-header-id-meta":"","stick-header-meta":"","header-above-stick-meta":"","header-main-stick-meta":"","header-below-stick-meta":"","astra-migrate-meta-layouts":"default","ast-page-background-enabled":"default","ast-page-background-meta":{"desktop":{"background-color":"","background-image":"","background-repeat":"repeat","background-position":"center center","background-size":"auto","background-attachment":"scroll","background-type":"","background-media":"","overlay-type":"","overlay-color":"","overlay-opacity":"","overlay-gradient":""},"tablet":{"background-color":"","background-image":"","background-repeat":"repeat","background-position":"center center","background-size":"auto","background-attachment":"scroll","background-type":"","background-media":"","overlay-type":"","overlay-color":"","overlay-opacity":"","overlay-gradient":""},"mobile":{"background-color":"","background-image":"","background-repeat":"repeat","background-position":"center center","background-size":"auto","background-attachment":"scroll","background-type":"","background-media":"","overlay-type":"","overlay-color":"","overlay-opacity":"","overlay-gradient":""}},"ast-content-background-meta":{"desktop":{"background-color":"var(--ast-global-color-5)","background-image":"","background-repeat":"repeat","background-position":"center center","background-size":"auto","background-attachment":"scroll","background-type":"","background-media":"","overlay-type":"","overlay-color":"","overlay-opacity":"","overlay-gradient":""},"tablet":{"background-color":"var(--ast-global-color-5)","background-image":"","background-repeat":"repeat","background-position":"center center","background-size":"auto","background-attachment":"scroll","background-type":"","background-media":"","overlay-type":"","overlay-color":"","overlay-opacity":"","overlay-gradient":""},"mobile":{"background-color":"var(--ast-global-color-5)","background-image":"","background-repeat":"repeat","background-position":"center center","background-size":"auto","background-attachment":"scroll","background-type":"","background-media":"","overlay-type":"","overlay-color":"","overlay-opacity":"","overlay-gradient":""}},"footnotes":""},"class_list":["post-70","page","type-page","status-publish","hentry"],"_links":{"self":[{"href":"http:\/\/www.heidelberg-highlands.de\/wp\/index.php?rest_route=\/wp\/v2\/pages\/70","targetHints":{"allow":["GET"]}}],"collection":[{"href":"http:\/\/www.heidelberg-highlands.de\/wp\/index.php?rest_route=\/wp\/v2\/pages"}],"about":[{"href":"http:\/\/www.heidelberg-highlands.de\/wp\/index.php?rest_route=\/wp\/v2\/types\/page"}],"author":[{"embeddable":true,"href":"http:\/\/www.heidelberg-highlands.de\/wp\/index.php?rest_route=\/wp\/v2\/users\/1"}],"replies":[{"embeddable":true,"href":"http:\/\/www.heidelberg-highlands.de\/wp\/index.php?rest_route=%2Fwp%2Fv2%2Fcomments&post=70"}],"version-history":[{"count":4,"href":"http:\/\/www.heidelberg-highlands.de\/wp\/index.php?rest_route=\/wp\/v2\/pages\/70\/revisions"}],"predecessor-version":[{"id":88,"href":"http:\/\/www.heidelberg-highlands.de\/wp\/index.php?rest_route=\/wp\/v2\/pages\/70\/revisions\/88"}],"up":[{"embeddable":true,"href":"http:\/\/www.heidelberg-highlands.de\/wp\/index.php?rest_route=\/wp\/v2\/pages\/53"}],"wp:attachment":[{"href":"http:\/\/www.heidelberg-highlands.de\/wp\/index.php?rest_route=%2Fwp%2Fv2%2Fmedia&parent=70"}],"curies":[{"name":"wp","href":"https:\/\/api.w.org\/{rel}","templated":true}]}}