{"id":59,"date":"2020-03-20T17:27:17","date_gmt":"2020-03-20T16:27:17","guid":{"rendered":"http:\/\/heidelberg-highlands.de\/wp\/?page_id=59"},"modified":"2026-01-02T13:30:58","modified_gmt":"2026-01-02T12:30:58","slug":"ueber-uns","status":"publish","type":"page","link":"http:\/\/www.heidelberg-highlands.de\/wp\/?page_id=59","title":{"rendered":"\u00dcber uns"},"content":{"rendered":"\t\t<div data-elementor-type=\"wp-post\" data-elementor-id=\"59\" class=\"elementor elementor-59\">\n\t\t\t\t\t\t<section class=\"elementor-section elementor-top-section elementor-element elementor-element-004b68d elementor-section-boxed elementor-section-height-default elementor-section-height-default\" data-id=\"004b68d\" data-element_type=\"section\" data-e-type=\"section\">\n\t\t\t\t\t\t<div class=\"elementor-container elementor-column-gap-default\">\n\t\t\t\t\t<div class=\"elementor-column elementor-col-100 elementor-top-column elementor-element elementor-element-7dfafc0\" data-id=\"7dfafc0\" data-element_type=\"column\" data-e-type=\"column\">\n\t\t\t<div class=\"elementor-widget-wrap elementor-element-populated\">\n\t\t\t\t\t\t<div class=\"elementor-element elementor-element-148b218 elementor-widget elementor-widget-html\" data-id=\"148b218\" data-element_type=\"widget\" data-e-type=\"widget\" data-widget_type=\"html.default\">\n\t\t\t\t<div class=\"elementor-widget-container\">\n\t\t\t\t\t\t\t\t\t<\/div>\n\t\t\t\t<\/div>\n\t\t\t\t<div class=\"elementor-element elementor-element-86ba21f elementor-widget elementor-widget-heading\" data-id=\"86ba21f\" data-element_type=\"widget\" data-e-type=\"widget\" data-widget_type=\"heading.default\">\n\t\t\t\t<div class=\"elementor-widget-container\">\n\t\t\t\t\t<h2 class=\"elementor-heading-title elementor-size-default\"><br>Wir sind Heidelberg Highlands<\/h2>\t\t\t\t<\/div>\n\t\t\t\t<\/div>\n\t\t\t\t\t<\/div>\n\t\t<\/div>\n\t\t\t\t\t<\/div>\n\t\t<\/section>\n\t\t\t\t<section class=\"elementor-section elementor-top-section elementor-element elementor-element-6e2a670 elementor-section-boxed elementor-section-height-default elementor-section-height-default\" data-id=\"6e2a670\" data-element_type=\"section\" data-e-type=\"section\">\n\t\t\t\t\t\t<div class=\"elementor-container elementor-column-gap-default\">\n\t\t\t\t\t<div class=\"elementor-column elementor-col-100 elementor-top-column elementor-element elementor-element-9d45ce0\" data-id=\"9d45ce0\" data-element_type=\"column\" data-e-type=\"column\">\n\t\t\t<div class=\"elementor-widget-wrap elementor-element-populated\">\n\t\t\t\t\t\t<section class=\"elementor-section elementor-inner-section elementor-element elementor-element-a390884 elementor-section-boxed elementor-section-height-default elementor-section-height-default\" data-id=\"a390884\" data-element_type=\"section\" data-e-type=\"section\">\n\t\t\t\t\t\t<div class=\"elementor-container elementor-column-gap-default\">\n\t\t\t\t\t<div class=\"elementor-column elementor-col-50 elementor-inner-column elementor-element elementor-element-c1a6629\" data-id=\"c1a6629\" data-element_type=\"column\" data-e-type=\"column\">\n\t\t\t<div class=\"elementor-widget-wrap elementor-element-populated\">\n\t\t\t\t\t\t<div class=\"elementor-element elementor-element-deacc08 elementor-widget elementor-widget-text-editor\" data-id=\"deacc08\" data-element_type=\"widget\" data-e-type=\"widget\" data-widget_type=\"text-editor.default\">\n\t\t\t\t<div class=\"elementor-widget-container\">\n\t\t\t\t\t\t\t\t\t<h3 class=\"paragraph_style\">Heidelberg Highlands \u2013 der Ursprung<\/h3><p class=\"paragraph_style_1\">Heidelberg Highlands das ist ein Zusammenschluss von Freunden, die sich rund um das Thema Whisky, insbesondere bei Verk\u00f6stigungen (sogenannten Tastings), gefunden haben. Sehr schnell hat sich diese Freundschaft \u00fcber den Whisky hinaus fortentwickelt.<\/p><h3 class=\"paragraph_style\">Heidelberg Highlands \u2013 Die Idee<\/h3><p class=\"paragraph_style_1\">Durch unser weiter gestiegenes Interesse an dem \u201eWasser des Lebens\u201c haben wir uns auf die Suche nach weiteren Whiskybezugsquellen gemacht. Bei einer fr\u00f6hlichen Nacht war dann die Idee geboren: \u201eLasst uns doch mal ein ganzes Fass Whisky kaufen\u201c. Von dieser Idee bis zur Umsetzung verging nicht viel Zeit. Zun\u00e4chst wurden Ansprechpartner mit Kontakten zu Schottlands Destillerien gesucht. Als diese gefunden waren, wurden auch schon die ersten Proben geordert. In der zweiten Proberunde war es dann dabei, der \u00fcberw\u00e4ltigende Geschmack hat uns allen zugesagt, dieses Fa\u00df sollte es nun werden &#8211; unser erstes. Bis heute sind ein weiteres Fa\u00df sowie diverse Fa\u00dfanteile hinzugekommen.<\/p><h3 class=\"paragraph_style\">Heidelberg Highlands \u2013 Die Motivation<\/h3><p class=\"paragraph_style_1\">Noch w\u00e4hrend der Suche nach dem ersten Fa\u00df haben wir uns die Frage nach unserer Motivation gestellt. Schnell hat sich herausgestellt, dass wir eine gemeinsame Motivation haben, n\u00e4mlich irgendwann einmal sollen nur noch eigene Fa\u00dfabf\u00fcllungen unsere Whiskyschr\u00e4nke zieren.<\/p><h3 class=\"paragraph_style\">Heidelberg Highlands \u2013 Die Umsetzung<\/h3><p class=\"paragraph_style_1\">Die Idee war geboren, die Motivation gefunden, nun sollte die Umsetzung von Anfang an so professionell als m\u00f6glich vollzogen werden. Hierzu haben wir uns Gedanken \u00fcber m\u00f6gliche Namen gemacht \u2013 Heidelberg Higlands stand schnell als Sieger fest. Der Name gefiel uns derart gut, dass wir ihn Eintragen lie\u00dfen. Auch die Flaschen, in die unser Whisky abgef\u00fcllt wird, sollte ein markantes Etikett schm\u00fccken. Pieter Sohl, Weltbekannter K\u00fcnstler aus Heidelberg, erkl\u00e4rte sich nach Kenntnis unserer Idee sofort bereit, sich hierum zu k\u00fcmmern und lieferte das bekannte Bildnis des Heidelberger Schlosses, das unsere <a class=\"class1\" title=\"whiskyfreunde-whisky.html\" href=\"whiskyfreunde-whisky.html\">Etiketten<\/a> unvergleichlich macht.<\/p><h3 class=\"paragraph_style\">Heidelberg Highlands \u2013 Das Angebot<\/h3><p class=\"paragraph_style_1\">Unsere Bekanntheit w\u00e4chst auch \u00fcber die regionalen Whiskykreise hinaus, sodass uns Anfragen erreichten, ob wir unseren Whisky auch verkaufen. Die Erleichterung war gro\u00df als die Antwort \u201eja\u201c lautete. So sind s\u00e4mtliche F\u00e4\u00dfer und Fa\u00dfanteile bei uns k\u00e4uflich zu erwerben, selbstverst\u00e4ndlich nur solange der Vorrat reicht. Ferner richten wir in jedem Quartal einen Stammtisch in Heidelberg oder Umgebung aus, an jenem wir unsere neuesten Entdeckungen aus Schottland verk\u00f6stigen und angeregte Gespr\u00e4che, nicht nur \u00fcber Whisky, f\u00fchren. Aufgrund der hohen Nachfrage sind die Teilnehmerzahlen begrenzt. Dar\u00fcber hinaus kann man uns auch zur Durchf\u00fchrung von Tastings engagieren, zu denen jeder verk\u00f6stigte Whisky von uns als Referenten mit einer eigenen Geschichte versehen wird. Diese Tastings k\u00f6nnen sehr individuell gestaltet werden und sind durchaus mit anderen Gen\u00fcssen wie z.B. Zigarren oder Schokolade variierbar. Unser Anspruch bei der Durchf\u00fchrung solcher Veranstaltungen ist stets, wie auch bei der Whiskyauswahl, ein hochwertiges Paket zu schn\u00fcren.<\/p><h3 class=\"paragraph_style\">Heidelberg Highlands \u2013 Die Freunde<\/h3><p class=\"paragraph_style_1\">Heidelberg Highlands das sind J\u00fcrgen Eger, Bennet Jakob, Simon Jakob, Ralf Quintel, Michael Radvan, Frank Wallendorf und Werner Wenchel.<\/p>\t\t\t\t\t\t\t\t<\/div>\n\t\t\t\t<\/div>\n\t\t\t\t\t<\/div>\n\t\t<\/div>\n\t\t\t\t<div class=\"elementor-column elementor-col-50 elementor-inner-column elementor-element elementor-element-eedca3d\" data-id=\"eedca3d\" data-element_type=\"column\" data-e-type=\"column\">\n\t\t\t<div class=\"elementor-widget-wrap elementor-element-populated\">\n\t\t\t\t\t\t<div class=\"elementor-element elementor-element-ab1137d content-align-cta-default elementor-widget elementor-widget-eael-cta-box\" data-id=\"ab1137d\" data-element_type=\"widget\" data-e-type=\"widget\" data-widget_type=\"eael-cta-box.default\">\n\t\t\t\t<div class=\"elementor-widget-container\">\n\t\t\t\t\t\t\t<div class=\"eael-call-to-action cta-basic bg-lite cta-preset-1\">\n        <h2 class=\"title eael-cta-heading\">Unsere Empfehlung<\/h2><p>Sie k\u00f6nnen die jeweils angebotenen Whiskys von uns auch zu guten Preisen kaufen.<\/p><a href=\"http:\/\/heidelberg-highlands.de\/wp\/?page_id=63\" class=\"cta-button cta-preset-1  \">zur Whiskyauswahl<\/a>\t<\/div>\n\t\t\t\t\t\t\t\t<\/div>\n\t\t\t\t<\/div>\n\t\t\t\t<div class=\"elementor-element elementor-element-276d81f content-align-cta-default elementor-widget elementor-widget-eael-cta-box\" data-id=\"276d81f\" data-element_type=\"widget\" data-e-type=\"widget\" data-widget_type=\"eael-cta-box.default\">\n\t\t\t\t<div class=\"elementor-widget-container\">\n\t\t\t\t\t\t\t<div class=\"eael-call-to-action cta-basic bg-lite cta-preset-1\">\n        <h2 class=\"title eael-cta-heading\">Events<\/h2><p>Wir veranstalten regelm\u00e4\u00dfig \u00fcber das Jahr verteilt interessante Whisky Veranstaltungen \u2013 hier die Jahres\u00fcbersicht zum download!<\/p><a href=\"http:\/\/www.heidelberg-highlands.de\/wp\/wp-content\/uploads\/2026\/01\/HDH_Veranstaltungen_DIN-L_6S_4c_2026.pdf\" class=\"cta-button cta-preset-1  \">Download (PDF)<\/a>\t<\/div>\n\t\t\t\t\t\t\t\t<\/div>\n\t\t\t\t<\/div>\n\t\t\t\t<div class=\"elementor-element elementor-element-7435c30 content-align-cta-default elementor-widget elementor-widget-eael-cta-box\" data-id=\"7435c30\" data-element_type=\"widget\" data-e-type=\"widget\" data-widget_type=\"eael-cta-box.default\">\n\t\t\t\t<div class=\"elementor-widget-container\">\n\t\t\t\t\t\t\t<div class=\"eael-call-to-action cta-basic bg-lite cta-preset-1\">\n        <h2 class=\"title eael-cta-heading\">Aktuelle Preisliste<\/h2><p class=\"paragraph_style_9\">Alle aktuellen Heidelberg Highlands Whiskys im \u00dcberblick<\/p><a href=\"http:\/\/www.heidelberg-highlands.de\/wp\/wp-content\/uploads\/2026\/01\/HDH-Preisliste-Flaschen-01.09.2025.pdf\" target=\"_blank\" class=\"cta-button cta-preset-1  \">Download (PDF)<\/a>\t<\/div>\n\t\t\t\t\t\t\t\t<\/div>\n\t\t\t\t<\/div>\n\t\t\t\t\t<\/div>\n\t\t<\/div>\n\t\t\t\t\t<\/div>\n\t\t<\/section>\n\t\t\t\t\t<\/div>\n\t\t<\/div>\n\t\t\t\t\t<\/div>\n\t\t<\/section>\n\t\t\t\t<section class=\"elementor-section elementor-top-section elementor-element elementor-element-b16c001 elementor-section-boxed elementor-section-height-default elementor-section-height-default\" data-id=\"b16c001\" data-element_type=\"section\" data-e-type=\"section\">\n\t\t\t\t\t\t<div class=\"elementor-container elementor-column-gap-default\">\n\t\t\t\t\t<div class=\"elementor-column elementor-col-100 elementor-top-column elementor-element elementor-element-7e6c916\" data-id=\"7e6c916\" data-element_type=\"column\" data-e-type=\"column\">\n\t\t\t<div class=\"elementor-widget-wrap\">\n\t\t\t\t\t\t\t<\/div>\n\t\t<\/div>\n\t\t\t\t\t<\/div>\n\t\t<\/section>\n\t\t\t\t<\/div>\n\t\t","protected":false},"excerpt":{"rendered":"<p>Wir sind Heidelberg Highlands Heidelberg Highlands \u2013 der Ursprung Heidelberg Highlands das ist ein Zusammenschluss von Freunden, die sich rund um das Thema Whisky, insbesondere bei Verk\u00f6stigungen (sogenannten Tastings), gefunden haben. Sehr schnell hat sich diese Freundschaft \u00fcber den Whisky hinaus fortentwickelt. Heidelberg Highlands \u2013 Die Idee Durch unser weiter gestiegenes Interesse an dem \u201eWasser [&hellip;]<\/p>\n","protected":false},"author":1,"featured_media":0,"parent":0,"menu_order":4,"comment_status":"closed","ping_status":"closed","template":"","meta":{"site-sidebar-layout":"no-sidebar","site-content-layout":"page-builder","ast-site-content-layout":"default","site-content-style":"default","site-sidebar-style":"default","ast-global-header-display":"","ast-banner-title-visibility":"","ast-main-header-display":"","ast-hfb-above-header-display":"","ast-hfb-below-header-display":"","ast-hfb-mobile-header-display":"","site-post-title":"","ast-breadcrumbs-content":"","ast-featured-img":"disabled","footer-sml-layout":"","theme-transparent-header-meta":"default","adv-header-id-meta":"","stick-header-meta":"","header-above-stick-meta":"","header-main-stick-meta":"","header-below-stick-meta":"","astra-migrate-meta-layouts":"default","ast-page-background-enabled":"default","ast-page-background-meta":{"desktop":{"background-color":"","background-image":"","background-repeat":"repeat","background-position":"center center","background-size":"auto","background-attachment":"scroll","background-type":"","background-media":"","overlay-type":"","overlay-color":"","overlay-opacity":"","overlay-gradient":""},"tablet":{"background-color":"","background-image":"","background-repeat":"repeat","background-position":"center center","background-size":"auto","background-attachment":"scroll","background-type":"","background-media":"","overlay-type":"","overlay-color":"","overlay-opacity":"","overlay-gradient":""},"mobile":{"background-color":"","background-image":"","background-repeat":"repeat","background-position":"center center","background-size":"auto","background-attachment":"scroll","background-type":"","background-media":"","overlay-type":"","overlay-color":"","overlay-opacity":"","overlay-gradient":""}},"ast-content-background-meta":{"desktop":{"background-color":"var(--ast-global-color-5)","background-image":"","background-repeat":"repeat","background-position":"center center","background-size":"auto","background-attachment":"scroll","background-type":"","background-media":"","overlay-type":"","overlay-color":"","overlay-opacity":"","overlay-gradient":""},"tablet":{"background-color":"var(--ast-global-color-5)","background-image":"","background-repeat":"repeat","background-position":"center center","background-size":"auto","background-attachment":"scroll","background-type":"","background-media":"","overlay-type":"","overlay-color":"","overlay-opacity":"","overlay-gradient":""},"mobile":{"background-color":"var(--ast-global-color-5)","background-image":"","background-repeat":"repeat","background-position":"center center","background-size":"auto","background-attachment":"scroll","background-type":"","background-media":"","overlay-type":"","overlay-color":"","overlay-opacity":"","overlay-gradient":""}},"footnotes":""},"class_list":["post-59","page","type-page","status-publish","hentry"],"_links":{"self":[{"href":"http:\/\/www.heidelberg-highlands.de\/wp\/index.php?rest_route=\/wp\/v2\/pages\/59","targetHints":{"allow":["GET"]}}],"collection":[{"href":"http:\/\/www.heidelberg-highlands.de\/wp\/index.php?rest_route=\/wp\/v2\/pages"}],"about":[{"href":"http:\/\/www.heidelberg-highlands.de\/wp\/index.php?rest_route=\/wp\/v2\/types\/page"}],"author":[{"embeddable":true,"href":"http:\/\/www.heidelberg-highlands.de\/wp\/index.php?rest_route=\/wp\/v2\/users\/1"}],"replies":[{"embeddable":true,"href":"http:\/\/www.heidelberg-highlands.de\/wp\/index.php?rest_route=%2Fwp%2Fv2%2Fcomments&post=59"}],"version-history":[{"count":46,"href":"http:\/\/www.heidelberg-highlands.de\/wp\/index.php?rest_route=\/wp\/v2\/pages\/59\/revisions"}],"predecessor-version":[{"id":1390,"href":"http:\/\/www.heidelberg-highlands.de\/wp\/index.php?rest_route=\/wp\/v2\/pages\/59\/revisions\/1390"}],"wp:attachment":[{"href":"http:\/\/www.heidelberg-highlands.de\/wp\/index.php?rest_route=%2Fwp%2Fv2%2Fmedia&parent=59"}],"curies":[{"name":"wp","href":"https:\/\/api.w.org\/{rel}","templated":true}]}}