{"id":57,"date":"2020-03-20T17:26:52","date_gmt":"2020-03-20T16:26:52","guid":{"rendered":"http:\/\/heidelberg-highlands.de\/wp\/?page_id=57"},"modified":"2026-01-02T13:32:04","modified_gmt":"2026-01-02T12:32:04","slug":"ihr-tasting","status":"publish","type":"page","link":"http:\/\/www.heidelberg-highlands.de\/wp\/?page_id=57","title":{"rendered":"Tasting"},"content":{"rendered":"\t\t<div data-elementor-type=\"wp-post\" data-elementor-id=\"57\" class=\"elementor elementor-57\">\n\t\t\t\t\t\t<section class=\"elementor-section elementor-top-section elementor-element elementor-element-6e2a670 elementor-section-boxed elementor-section-height-default elementor-section-height-default\" data-id=\"6e2a670\" data-element_type=\"section\" data-e-type=\"section\">\n\t\t\t\t\t\t<div class=\"elementor-container elementor-column-gap-default\">\n\t\t\t\t\t<div class=\"elementor-column elementor-col-100 elementor-top-column elementor-element elementor-element-9d45ce0\" data-id=\"9d45ce0\" data-element_type=\"column\" data-e-type=\"column\">\n\t\t\t<div class=\"elementor-widget-wrap elementor-element-populated\">\n\t\t\t\t\t\t<div class=\"elementor-element elementor-element-148b218 elementor-widget elementor-widget-html\" data-id=\"148b218\" data-element_type=\"widget\" data-e-type=\"widget\" data-widget_type=\"html.default\">\n\t\t\t\t<div class=\"elementor-widget-container\">\n\t\t\t\t\t\t\t\t\t<\/div>\n\t\t\t\t<\/div>\n\t\t\t\t<div class=\"elementor-element elementor-element-86ba21f elementor-widget elementor-widget-heading\" data-id=\"86ba21f\" data-element_type=\"widget\" data-e-type=\"widget\" data-widget_type=\"heading.default\">\n\t\t\t\t<div class=\"elementor-widget-container\">\n\t\t\t\t\t<h2 class=\"elementor-heading-title elementor-size-default\"><br>Tauchen Sie ein in die Welt des Brandes ...<\/h2>\t\t\t\t<\/div>\n\t\t\t\t<\/div>\n\t\t\t\t<section class=\"elementor-section elementor-inner-section elementor-element elementor-element-4c66a6f elementor-section-boxed elementor-section-height-default elementor-section-height-default\" data-id=\"4c66a6f\" data-element_type=\"section\" data-e-type=\"section\">\n\t\t\t\t\t\t<div class=\"elementor-container elementor-column-gap-default\">\n\t\t\t\t\t<div class=\"elementor-column elementor-col-50 elementor-inner-column elementor-element elementor-element-5ec4205\" data-id=\"5ec4205\" data-element_type=\"column\" data-e-type=\"column\">\n\t\t\t<div class=\"elementor-widget-wrap elementor-element-populated\">\n\t\t\t\t\t\t<div class=\"elementor-element elementor-element-51bb31a elementor-widget elementor-widget-text-editor\" data-id=\"51bb31a\" data-element_type=\"widget\" data-e-type=\"widget\" data-widget_type=\"text-editor.default\">\n\t\t\t\t<div class=\"elementor-widget-container\">\n\t\t\t\t\t\t\t\t\t<div id=\"id2\" class=\"style_SkipStroke_1 shape-with-text\"><div class=\"text-content graphic_textbox_layout_style_default_External_668_826\"><div class=\"graphic_textbox_layout_style_default\"><p class=\"paragraph_style_1\">Sie planen eine Feier \/ ein Event und wollen hierzu ein Whiskytasting bzw. ein Whiskyseminar abhalten. Gerne sind wir ihnen bei der Planung und Umsetzung Ihres Events behilflich.<\/p><p class=\"paragraph_style_1\">Je nach Ihren W\u00fcnschen unterst\u00fctzen wir Sie bei der Auswahl des Themas, der Whiskys und auch bei der Durchf\u00fchrung des Tastings durch ausf\u00fchrliche Pr\u00e4sentation der Whiskys, Destillerien, der Herstellung von Whisky und vielen Fachthemen mehr. Gerne untermalen wir unsere Darstellungen durch eine mediale Pr\u00e4sentation.<\/p><p class=\"paragraph_style_1\">Da bei uns Genuss im Vordergrund steht ist der Whisky nicht das Einzige Genussmittel, an dem uns etwas liegt. Auch die Verbindung von Whisky mit anderen Genussmitteln ist f\u00fcr uns sehr interessant.<\/p><p class=\"paragraph_style_1\">Als Themen f\u00fcr Ihre Veranstaltung k\u00f6nnen Sie z.B. die folgenden Vorschl\u00e4ge in Ihre \u00dcberlegungen einbeziehen:<\/p><p class=\"paragraph_style_1\">\u2022 Einsteigertasting<br \/>\u2022 Fortgeschrittenentasting<br \/>\u2022 Rarit\u00e4tentasting<br \/>\u2022 Geschlossenen Destillerien<br \/>\u2022 Whisky und Schokolade<br \/>\u2022 Whisky und Zigarren<br \/>\u2022 Vertikales Tasting (Alle Whiskys von einer Destillerie)<br \/>\u2022 Verschiedene Finishes (Auswirkung der verwendeten F\u00e4sser)<br \/>\u2022 Unabh\u00e4ngige Abf\u00fcller<br \/>\u2022 u.v.m.<\/p><p class=\"paragraph_style_1\">Sprechen Sie uns an und wir werden sicherlich ein Ihren Vorstellungen hinsichtlich Thema und Preis passendes Tasting organisieren k\u00f6nnen.<\/p><p class=\"paragraph_style_1\">Damit Sie bereits an dieser Stelle eine bessere Vorstellung erhalten: Wir empfehlen pro Tasting 6 bis maximal 10 Whiskys vorzusehen.<\/p><p class=\"paragraph_style_1\">F\u00fcr den Whisky und die Pr\u00e4sentation sollten Sie mit Kosten von ca. 40 \u20ac pro Personen kalkulieren. Dar\u00fcber hinaus sollten Sie ein Essen und gen\u00fcgend Wasser mit einplanen.<\/p><p class=\"paragraph_style_1\">Das ist selbstverst\u00e4ndlich nur ein Richtwert. Je nach Thema hat der Whisky einen anderen Preis. Mit dem genannten Betrag K\u00f6nnen Sie aber eine tolle Auswahl an Whiskys anbieten.<\/p><p class=\"paragraph_style_1\">Wir freuen uns auf Ihre Anfragen.<\/p><p>\u00a0<\/p><\/div><\/div><\/div>\t\t\t\t\t\t\t\t<\/div>\n\t\t\t\t<\/div>\n\t\t\t\t\t<\/div>\n\t\t<\/div>\n\t\t\t\t<div class=\"elementor-column elementor-col-50 elementor-inner-column elementor-element elementor-element-c46cad4\" data-id=\"c46cad4\" data-element_type=\"column\" data-e-type=\"column\">\n\t\t\t<div class=\"elementor-widget-wrap elementor-element-populated\">\n\t\t\t\t\t\t<div class=\"elementor-element elementor-element-2d0d320 content-align-cta-default elementor-widget elementor-widget-eael-cta-box\" data-id=\"2d0d320\" data-element_type=\"widget\" data-e-type=\"widget\" data-widget_type=\"eael-cta-box.default\">\n\t\t\t\t<div class=\"elementor-widget-container\">\n\t\t\t\t\t\t\t<div class=\"eael-call-to-action cta-basic bg-lite cta-preset-1\">\n        <h2 class=\"title eael-cta-heading\">Unsere Empfehlung<\/h2><p>Sie k\u00f6nnen die jeweils angebotenen Whiskys von uns auch zu guten Preisen kaufen.<\/p><a href=\"http:\/\/heidelberg-highlands.de\/wp\/?page_id=63\" class=\"cta-button cta-preset-1  \">zur Whiskyauswahl<\/a>\t<\/div>\n\t\t\t\t\t\t\t\t<\/div>\n\t\t\t\t<\/div>\n\t\t\t\t<div class=\"elementor-element elementor-element-31839ae content-align-cta-default elementor-widget elementor-widget-eael-cta-box\" data-id=\"31839ae\" data-element_type=\"widget\" data-e-type=\"widget\" data-widget_type=\"eael-cta-box.default\">\n\t\t\t\t<div class=\"elementor-widget-container\">\n\t\t\t\t\t\t\t<div class=\"eael-call-to-action cta-basic bg-lite cta-preset-1\">\n        <h2 class=\"title eael-cta-heading\">Aktuelle Preisliste<\/h2><p class=\"paragraph_style_9\">Alle aktuellen Heidelberg Highlands Whiskys im \u00dcberblick<\/p><a href=\"http:\/\/www.heidelberg-highlands.de\/wp\/wp-content\/uploads\/2026\/01\/HDH-Preisliste-Flaschen-01.09.2025.pdf\" target=\"_blank\" class=\"cta-button cta-preset-1  \">Download (PDF)<\/a>\t<\/div>\n\t\t\t\t\t\t\t\t<\/div>\n\t\t\t\t<\/div>\n\t\t\t\t<div class=\"elementor-element elementor-element-5cc4a4a content-align-cta-default elementor-widget elementor-widget-eael-cta-box\" data-id=\"5cc4a4a\" data-element_type=\"widget\" data-e-type=\"widget\" data-widget_type=\"eael-cta-box.default\">\n\t\t\t\t<div class=\"elementor-widget-container\">\n\t\t\t\t\t\t\t<div class=\"eael-call-to-action cta-basic bg-lite cta-preset-1\">\n        <h2 class=\"title eael-cta-heading\">Events<\/h2><p>Wir veranstalten regelm\u00e4\u00dfig \u00fcber das Jahr verteilt interessante Whisky Veranstaltungen \u2013 hier die Jahres\u00fcbersicht zum download!<\/p><a href=\"http:\/\/www.heidelberg-highlands.de\/wp\/wp-content\/uploads\/2026\/01\/HDH_Veranstaltungen_DIN-L_6S_4c_2026.pdf\" class=\"cta-button cta-preset-1  \">Download (PDF)<\/a>\t<\/div>\n\t\t\t\t\t\t\t\t<\/div>\n\t\t\t\t<\/div>\n\t\t\t\t\t<\/div>\n\t\t<\/div>\n\t\t\t\t\t<\/div>\n\t\t<\/section>\n\t\t\t\t\t<\/div>\n\t\t<\/div>\n\t\t\t\t\t<\/div>\n\t\t<\/section>\n\t\t\t\t<\/div>\n\t\t","protected":false},"excerpt":{"rendered":"<p>Tauchen Sie ein in die Welt des Brandes &#8230; Sie planen eine Feier \/ ein Event und wollen hierzu ein Whiskytasting bzw. ein Whiskyseminar abhalten. Gerne sind wir ihnen bei der Planung und Umsetzung Ihres Events behilflich. Je nach Ihren W\u00fcnschen unterst\u00fctzen wir Sie bei der Auswahl des Themas, der Whiskys und auch bei der [&hellip;]<\/p>\n","protected":false},"author":1,"featured_media":0,"parent":0,"menu_order":5,"comment_status":"closed","ping_status":"closed","template":"","meta":{"site-sidebar-layout":"no-sidebar","site-content-layout":"page-builder","ast-site-content-layout":"default","site-content-style":"default","site-sidebar-style":"default","ast-global-header-display":"","ast-banner-title-visibility":"","ast-main-header-display":"","ast-hfb-above-header-display":"","ast-hfb-below-header-display":"","ast-hfb-mobile-header-display":"","site-post-title":"","ast-breadcrumbs-content":"","ast-featured-img":"disabled","footer-sml-layout":"","theme-transparent-header-meta":"default","adv-header-id-meta":"","stick-header-meta":"","header-above-stick-meta":"","header-main-stick-meta":"","header-below-stick-meta":"","astra-migrate-meta-layouts":"default","ast-page-background-enabled":"default","ast-page-background-meta":{"desktop":{"background-color":"","background-image":"","background-repeat":"repeat","background-position":"center center","background-size":"auto","background-attachment":"scroll","background-type":"","background-media":"","overlay-type":"","overlay-color":"","overlay-opacity":"","overlay-gradient":""},"tablet":{"background-color":"","background-image":"","background-repeat":"repeat","background-position":"center center","background-size":"auto","background-attachment":"scroll","background-type":"","background-media":"","overlay-type":"","overlay-color":"","overlay-opacity":"","overlay-gradient":""},"mobile":{"background-color":"","background-image":"","background-repeat":"repeat","background-position":"center center","background-size":"auto","background-attachment":"scroll","background-type":"","background-media":"","overlay-type":"","overlay-color":"","overlay-opacity":"","overlay-gradient":""}},"ast-content-background-meta":{"desktop":{"background-color":"var(--ast-global-color-5)","background-image":"","background-repeat":"repeat","background-position":"center center","background-size":"auto","background-attachment":"scroll","background-type":"","background-media":"","overlay-type":"","overlay-color":"","overlay-opacity":"","overlay-gradient":""},"tablet":{"background-color":"var(--ast-global-color-5)","background-image":"","background-repeat":"repeat","background-position":"center center","background-size":"auto","background-attachment":"scroll","background-type":"","background-media":"","overlay-type":"","overlay-color":"","overlay-opacity":"","overlay-gradient":""},"mobile":{"background-color":"var(--ast-global-color-5)","background-image":"","background-repeat":"repeat","background-position":"center center","background-size":"auto","background-attachment":"scroll","background-type":"","background-media":"","overlay-type":"","overlay-color":"","overlay-opacity":"","overlay-gradient":""}},"footnotes":""},"class_list":["post-57","page","type-page","status-publish","hentry"],"_links":{"self":[{"href":"http:\/\/www.heidelberg-highlands.de\/wp\/index.php?rest_route=\/wp\/v2\/pages\/57","targetHints":{"allow":["GET"]}}],"collection":[{"href":"http:\/\/www.heidelberg-highlands.de\/wp\/index.php?rest_route=\/wp\/v2\/pages"}],"about":[{"href":"http:\/\/www.heidelberg-highlands.de\/wp\/index.php?rest_route=\/wp\/v2\/types\/page"}],"author":[{"embeddable":true,"href":"http:\/\/www.heidelberg-highlands.de\/wp\/index.php?rest_route=\/wp\/v2\/users\/1"}],"replies":[{"embeddable":true,"href":"http:\/\/www.heidelberg-highlands.de\/wp\/index.php?rest_route=%2Fwp%2Fv2%2Fcomments&post=57"}],"version-history":[{"count":59,"href":"http:\/\/www.heidelberg-highlands.de\/wp\/index.php?rest_route=\/wp\/v2\/pages\/57\/revisions"}],"predecessor-version":[{"id":1393,"href":"http:\/\/www.heidelberg-highlands.de\/wp\/index.php?rest_route=\/wp\/v2\/pages\/57\/revisions\/1393"}],"wp:attachment":[{"href":"http:\/\/www.heidelberg-highlands.de\/wp\/index.php?rest_route=%2Fwp%2Fv2%2Fmedia&parent=57"}],"curies":[{"name":"wp","href":"https:\/\/api.w.org\/{rel}","templated":true}]}}