{"id":55,"date":"2020-03-20T17:26:12","date_gmt":"2020-03-20T16:26:12","guid":{"rendered":"http:\/\/heidelberg-highlands.de\/wp\/?page_id=55"},"modified":"2023-11-14T12:40:49","modified_gmt":"2023-11-14T11:40:49","slug":"links","status":"publish","type":"page","link":"http:\/\/www.heidelberg-highlands.de\/wp\/?page_id=55","title":{"rendered":"Links"},"content":{"rendered":"\t\t<div data-elementor-type=\"wp-post\" data-elementor-id=\"55\" class=\"elementor elementor-55\">\n\t\t\t\t\t\t<section class=\"elementor-section elementor-top-section elementor-element elementor-element-004b68d elementor-section-boxed elementor-section-height-default elementor-section-height-default\" data-id=\"004b68d\" data-element_type=\"section\" data-e-type=\"section\">\n\t\t\t\t\t\t<div class=\"elementor-container elementor-column-gap-default\">\n\t\t\t\t\t<div class=\"elementor-column elementor-col-100 elementor-top-column elementor-element elementor-element-7dfafc0\" data-id=\"7dfafc0\" data-element_type=\"column\" data-e-type=\"column\">\n\t\t\t<div class=\"elementor-widget-wrap elementor-element-populated\">\n\t\t\t\t\t\t<div class=\"elementor-element elementor-element-148b218 elementor-widget elementor-widget-html\" data-id=\"148b218\" data-element_type=\"widget\" data-e-type=\"widget\" data-widget_type=\"html.default\">\n\t\t\t\t<div class=\"elementor-widget-container\">\n\t\t\t\t\t\t\t\t\t<\/div>\n\t\t\t\t<\/div>\n\t\t\t\t<div class=\"elementor-element elementor-element-86ba21f elementor-widget elementor-widget-heading\" data-id=\"86ba21f\" data-element_type=\"widget\" data-e-type=\"widget\" data-widget_type=\"heading.default\">\n\t\t\t\t<div class=\"elementor-widget-container\">\n\t\t\t\t\t<h2 class=\"elementor-heading-title elementor-size-default\"><br>Links<\/h2>\t\t\t\t<\/div>\n\t\t\t\t<\/div>\n\t\t\t\t<div class=\"elementor-element elementor-element-1864359 elementor-widget elementor-widget-text-editor\" data-id=\"1864359\" data-element_type=\"widget\" data-e-type=\"widget\" data-widget_type=\"text-editor.default\">\n\t\t\t\t<div class=\"elementor-widget-container\">\n\t\t\t\t\t\t\t\t\t<p class=\"paragraph_style_1\">Auf dieser Seite befinden sich Links zu anderen Webseiten. F\u00fcr alle diese Seiten gilt: Der Betreiber erkl\u00e4rt sich ausdr\u00fccklich, dass er keinerlei Einfluss auf den Inhalt der Seiten und angemeldeten Banner hat.\u00a0 Die Verantwortung daf\u00fcr liegt ausdr\u00fccklich bei dem jeweiligen Webmaster.<\/p><hr \/><div id=\"id12\" class=\"style_SkipStroke_1 shape-with-text\"><div class=\"text-content graphic_textbox_layout_style_default_External_264_39\"><div class=\"graphic_textbox_layout_style_default\"><p class=\"paragraph_style_8\">Whiskyfreunde Pfalz<\/p><\/div><\/div><\/div><div id=\"id13\" class=\"style_SkipStroke_1 shape-with-text\"><div class=\"text-content graphic_textbox_layout_style_default_External_321_38\"><div class=\"graphic_textbox_layout_style_default\"><p class=\"paragraph_style_1\"><a title=\"http:\/\/www.whiskyfreundepfalz.de\" href=\"http:\/\/www.whiskyfreundepfalz.de\">www.whiskyfreundepfalz.de<\/a><\/p><\/div><\/div><\/div><div class=\"tinyText style_SkipStroke_3 stroke_0\"><hr \/><\/div><div id=\"id14\" class=\"style_SkipStroke_1 shape-with-text\"><div class=\"text-content graphic_textbox_layout_style_default_External_236_34\"><div class=\"graphic_textbox_layout_style_default\"><p class=\"paragraph_style_8\">Moe\u2018s Roadhouse<\/p><\/div><\/div><\/div><div id=\"id15\" class=\"style_SkipStroke_1 shape-with-text\"><div class=\"text-content graphic_textbox_layout_style_default_External_321_38\"><div class=\"graphic_textbox_layout_style_default\"><p class=\"paragraph_style_1\"><a title=\"http:\/\/www.moes-roadhouse.de\" href=\"http:\/\/www.moes-roadhouse.de\">www.moes-roadhouse.de<\/a><\/p><p class=\"paragraph_style_1\">Les Privatiers Timmendorfer Strand<\/p><p class=\"paragraph_style_1\">www.les-privatiers.de<\/p><p class=\"paragraph_style_1\">Whisky-Fakult\u00e4t Heidelberg<\/p><p class=\"paragraph_style_1\">www.whisky-fakultaet.de<\/p><p class=\"paragraph_style_1\">Falke Exklusive Schwetzingen<\/p><p class=\"paragraph_style_1\">www.falke-exklusive.de<\/p><\/div><\/div><\/div><p class=\"paragraph_style_2\">\u00a0<\/p>\t\t\t\t\t\t\t\t<\/div>\n\t\t\t\t<\/div>\n\t\t\t\t\t<\/div>\n\t\t<\/div>\n\t\t\t\t\t<\/div>\n\t\t<\/section>\n\t\t\t\t<section class=\"elementor-section elementor-top-section elementor-element elementor-element-b16c001 elementor-section-boxed elementor-section-height-default elementor-section-height-default\" data-id=\"b16c001\" data-element_type=\"section\" data-e-type=\"section\">\n\t\t\t\t\t\t<div class=\"elementor-container elementor-column-gap-default\">\n\t\t\t\t\t<div class=\"elementor-column elementor-col-100 elementor-top-column elementor-element elementor-element-7e6c916\" data-id=\"7e6c916\" data-element_type=\"column\" data-e-type=\"column\">\n\t\t\t<div class=\"elementor-widget-wrap\">\n\t\t\t\t\t\t\t<\/div>\n\t\t<\/div>\n\t\t\t\t\t<\/div>\n\t\t<\/section>\n\t\t\t\t<\/div>\n\t\t","protected":false},"excerpt":{"rendered":"<p>Links Auf dieser Seite befinden sich Links zu anderen Webseiten. F\u00fcr alle diese Seiten gilt: Der Betreiber erkl\u00e4rt sich ausdr\u00fccklich, dass er keinerlei Einfluss auf den Inhalt der Seiten und angemeldeten Banner hat.\u00a0 Die Verantwortung daf\u00fcr liegt ausdr\u00fccklich bei dem jeweiligen Webmaster. Whiskyfreunde Pfalz www.whiskyfreundepfalz.de Moe\u2018s Roadhouse www.moes-roadhouse.de Les Privatiers Timmendorfer Strand www.les-privatiers.de Whisky-Fakult\u00e4t Heidelberg [&hellip;]<\/p>\n","protected":false},"author":1,"featured_media":0,"parent":0,"menu_order":7,"comment_status":"closed","ping_status":"closed","template":"","meta":{"site-sidebar-layout":"no-sidebar","site-content-layout":"page-builder","ast-site-content-layout":"default","site-content-style":"default","site-sidebar-style":"default","ast-global-header-display":"","ast-banner-title-visibility":"","ast-main-header-display":"","ast-hfb-above-header-display":"","ast-hfb-below-header-display":"","ast-hfb-mobile-header-display":"","site-post-title":"disabled","ast-breadcrumbs-content":"","ast-featured-img":"disabled","footer-sml-layout":"","theme-transparent-header-meta":"default","adv-header-id-meta":"","stick-header-meta":"","header-above-stick-meta":"","header-main-stick-meta":"","header-below-stick-meta":"","astra-migrate-meta-layouts":"default","ast-page-background-enabled":"default","ast-page-background-meta":{"desktop":{"background-color":"","background-image":"","background-repeat":"repeat","background-position":"center center","background-size":"auto","background-attachment":"scroll","background-type":"","background-media":"","overlay-type":"","overlay-color":"","overlay-opacity":"","overlay-gradient":""},"tablet":{"background-color":"","background-image":"","background-repeat":"repeat","background-position":"center center","background-size":"auto","background-attachment":"scroll","background-type":"","background-media":"","overlay-type":"","overlay-color":"","overlay-opacity":"","overlay-gradient":""},"mobile":{"background-color":"","background-image":"","background-repeat":"repeat","background-position":"center center","background-size":"auto","background-attachment":"scroll","background-type":"","background-media":"","overlay-type":"","overlay-color":"","overlay-opacity":"","overlay-gradient":""}},"ast-content-background-meta":{"desktop":{"background-color":"var(--ast-global-color-5)","background-image":"","background-repeat":"repeat","background-position":"center center","background-size":"auto","background-attachment":"scroll","background-type":"","background-media":"","overlay-type":"","overlay-color":"","overlay-opacity":"","overlay-gradient":""},"tablet":{"background-color":"var(--ast-global-color-5)","background-image":"","background-repeat":"repeat","background-position":"center center","background-size":"auto","background-attachment":"scroll","background-type":"","background-media":"","overlay-type":"","overlay-color":"","overlay-opacity":"","overlay-gradient":""},"mobile":{"background-color":"var(--ast-global-color-5)","background-image":"","background-repeat":"repeat","background-position":"center center","background-size":"auto","background-attachment":"scroll","background-type":"","background-media":"","overlay-type":"","overlay-color":"","overlay-opacity":"","overlay-gradient":""}},"footnotes":""},"class_list":["post-55","page","type-page","status-publish","hentry"],"_links":{"self":[{"href":"http:\/\/www.heidelberg-highlands.de\/wp\/index.php?rest_route=\/wp\/v2\/pages\/55","targetHints":{"allow":["GET"]}}],"collection":[{"href":"http:\/\/www.heidelberg-highlands.de\/wp\/index.php?rest_route=\/wp\/v2\/pages"}],"about":[{"href":"http:\/\/www.heidelberg-highlands.de\/wp\/index.php?rest_route=\/wp\/v2\/types\/page"}],"author":[{"embeddable":true,"href":"http:\/\/www.heidelberg-highlands.de\/wp\/index.php?rest_route=\/wp\/v2\/users\/1"}],"replies":[{"embeddable":true,"href":"http:\/\/www.heidelberg-highlands.de\/wp\/index.php?rest_route=%2Fwp%2Fv2%2Fcomments&post=55"}],"version-history":[{"count":11,"href":"http:\/\/www.heidelberg-highlands.de\/wp\/index.php?rest_route=\/wp\/v2\/pages\/55\/revisions"}],"predecessor-version":[{"id":1220,"href":"http:\/\/www.heidelberg-highlands.de\/wp\/index.php?rest_route=\/wp\/v2\/pages\/55\/revisions\/1220"}],"wp:attachment":[{"href":"http:\/\/www.heidelberg-highlands.de\/wp\/index.php?rest_route=%2Fwp%2Fv2%2Fmedia&parent=55"}],"curies":[{"name":"wp","href":"https:\/\/api.w.org\/{rel}","templated":true}]}}