{"id":5,"date":"2020-03-20T09:43:47","date_gmt":"2020-03-20T08:43:47","guid":{"rendered":"http:\/\/heidelberg-highlands.de\/wp\/?page_id=5"},"modified":"2026-01-18T15:10:08","modified_gmt":"2026-01-18T14:10:08","slug":"elementor-5","status":"publish","type":"page","link":"http:\/\/www.heidelberg-highlands.de\/wp\/","title":{"rendered":"Start"},"content":{"rendered":"\t\t<div data-elementor-type=\"wp-post\" data-elementor-id=\"5\" class=\"elementor elementor-5\">\n\t\t\t\t\t\t<section class=\"elementor-section elementor-top-section elementor-element elementor-element-a47fb1c elementor-section-boxed elementor-section-height-default elementor-section-height-default\" data-id=\"a47fb1c\" data-element_type=\"section\" data-e-type=\"section\">\n\t\t\t\t\t\t<div class=\"elementor-container elementor-column-gap-default\">\n\t\t\t\t\t<div class=\"elementor-column elementor-col-100 elementor-top-column elementor-element elementor-element-eef988c\" data-id=\"eef988c\" data-element_type=\"column\" data-e-type=\"column\">\n\t\t\t<div class=\"elementor-widget-wrap elementor-element-populated\">\n\t\t\t\t\t\t<div class=\"elementor-element elementor-element-ac11b06 elementor-widget elementor-widget-html\" data-id=\"ac11b06\" data-element_type=\"widget\" data-e-type=\"widget\" data-widget_type=\"html.default\">\n\t\t\t\t<div class=\"elementor-widget-container\">\n\t\t\t\t\t\t\t\t\t<\/div>\n\t\t\t\t<\/div>\n\t\t\t\t\t<\/div>\n\t\t<\/div>\n\t\t\t\t\t<\/div>\n\t\t<\/section>\n\t\t\t\t<section class=\"elementor-section elementor-top-section elementor-element elementor-element-004b68d elementor-section-boxed elementor-section-height-default elementor-section-height-default\" data-id=\"004b68d\" data-element_type=\"section\" data-e-type=\"section\">\n\t\t\t\t\t\t<div class=\"elementor-container elementor-column-gap-default\">\n\t\t\t\t\t<div class=\"elementor-column elementor-col-100 elementor-top-column elementor-element elementor-element-7dfafc0\" data-id=\"7dfafc0\" data-element_type=\"column\" data-e-type=\"column\">\n\t\t\t<div class=\"elementor-widget-wrap elementor-element-populated\">\n\t\t\t\t\t\t<div class=\"elementor-element elementor-element-86ba21f elementor-widget elementor-widget-heading\" data-id=\"86ba21f\" data-element_type=\"widget\" data-e-type=\"widget\" data-widget_type=\"heading.default\">\n\t\t\t\t<div class=\"elementor-widget-container\">\n\t\t\t\t\t<h1 class=\"elementor-heading-title elementor-size-default\"><br>Herzlich willkommen Whiskyfreunde<\/h1>\t\t\t\t<\/div>\n\t\t\t\t<\/div>\n\t\t\t\t<div class=\"elementor-element elementor-element-1864359 elementor-widget elementor-widget-text-editor\" data-id=\"1864359\" data-element_type=\"widget\" data-e-type=\"widget\" data-widget_type=\"text-editor.default\">\n\t\t\t\t<div class=\"elementor-widget-container\">\n\t\t\t\t\t\t\t\t\t<p><span style=\"font-size: 15px;\">auf dieser Internetseite wollen wir von Heidelberg Highlands Euch \u00fcber uns und unsere Angebote informieren.<\/span><\/p><p>Aus der Idee: \u201elass uns doch mal ein ganzes Fass Whisky kaufen\u201c hat sich nunmehr die Firma Heidelberg Highlands entwickelt, denn wer kann schon alleine180 oder mehr Flaschen Whisky von einer Sorte trinken. Deswegen wollen wir von unseren Abf\u00fcllungen auch etwas abgeben.<\/p><p>Wir wollen Euch auch an unserer gro\u00dfen Leidenschaft, dem Schottischen Single Malt Whisky teilhaben lassen und bieten deswegen das Folgende an:<\/p><p>\u2022Whisky aus eigenen Abf\u00fcllungen<br \/>\u2022Quartalswhiskystammtisch<br \/>\u2022Besondere Whiskytastings und Seminare<br \/>\u2022Organisation und Durchf\u00fchrung Ihres Tasings bzw. Seminars<br \/>\u2022Verkauf von Whisky<\/p><p>Verschaffen Sie sich auf den Folgeseiten ein Bild von uns und unseren Angeboten.<\/p><p>Ihre Whiskyfreunde von Heidelberg Highlands<\/p>\t\t\t\t\t\t\t\t<\/div>\n\t\t\t\t<\/div>\n\t\t\t\t\t<\/div>\n\t\t<\/div>\n\t\t\t\t\t<\/div>\n\t\t<\/section>\n\t\t\t\t<section class=\"elementor-section elementor-top-section elementor-element elementor-element-6e2a670 elementor-section-boxed elementor-section-height-default elementor-section-height-default\" data-id=\"6e2a670\" data-element_type=\"section\" data-e-type=\"section\">\n\t\t\t\t\t\t<div class=\"elementor-container elementor-column-gap-default\">\n\t\t\t\t\t<div class=\"elementor-column elementor-col-100 elementor-top-column elementor-element elementor-element-9d45ce0\" data-id=\"9d45ce0\" data-element_type=\"column\" data-e-type=\"column\">\n\t\t\t<div class=\"elementor-widget-wrap elementor-element-populated\">\n\t\t\t\t\t\t<div class=\"elementor-element elementor-element-276decc elementor-widget-divider--view-line elementor-widget elementor-widget-divider\" data-id=\"276decc\" data-element_type=\"widget\" data-e-type=\"widget\" data-widget_type=\"divider.default\">\n\t\t\t\t<div class=\"elementor-widget-container\">\n\t\t\t\t\t\t\t<div class=\"elementor-divider\">\n\t\t\t<span class=\"elementor-divider-separator\">\n\t\t\t\t\t\t<\/span>\n\t\t<\/div>\n\t\t\t\t\t\t<\/div>\n\t\t\t\t<\/div>\n\t\t\t\t\t<\/div>\n\t\t<\/div>\n\t\t\t\t\t<\/div>\n\t\t<\/section>\n\t\t\t\t<section class=\"elementor-section elementor-top-section elementor-element elementor-element-0f08cfe elementor-section-content-middle elementor-section-boxed elementor-section-height-default elementor-section-height-default\" data-id=\"0f08cfe\" data-element_type=\"section\" data-e-type=\"section\">\n\t\t\t\t\t\t<div class=\"elementor-container elementor-column-gap-no\">\n\t\t\t\t\t<div class=\"elementor-column elementor-col-66 elementor-top-column elementor-element elementor-element-4cdcbab\" data-id=\"4cdcbab\" data-element_type=\"column\" data-e-type=\"column\">\n\t\t\t<div class=\"elementor-widget-wrap elementor-element-populated\">\n\t\t\t\t\t\t<div class=\"elementor-element elementor-element-adf6695 elementor-widget elementor-widget-heading\" data-id=\"adf6695\" data-element_type=\"widget\" data-e-type=\"widget\" data-widget_type=\"heading.default\">\n\t\t\t\t<div class=\"elementor-widget-container\">\n\t\t\t\t\t<h2 class=\"elementor-heading-title elementor-size-default\">Islay-Tasting am 14.03.2026<\/h2>\t\t\t\t<\/div>\n\t\t\t\t<\/div>\n\t\t\t\t<div class=\"elementor-element elementor-element-9a3c0ef elementor-widget__width-initial elementor-widget elementor-widget-text-editor\" data-id=\"9a3c0ef\" data-element_type=\"widget\" data-e-type=\"widget\" data-widget_type=\"text-editor.default\">\n\t\t\t\t<div class=\"elementor-widget-container\">\n\t\t\t\t\t\t\t\t\t<p>Liebe Whiskyfreunde,<\/p><p>der gestrige Whisky-Stammtisch hat echt Lust auf mehr gemacht. Im Februar folgt zeitnah die Whisky-Spring. Deswegen dauert es zwar noch etwas, dennoch m\u00f6chte ich Euch hiermit gleich herzlich zu unserem Tasting-Highlight im M\u00e4rz einladen:<\/p><p><strong>Islay-Tasting: \u201cChoose your Warrior!\u201c<\/strong><\/p><p>Wann: 14.03.2026 ab 19 Uhr<br \/>Wo: Zum Achter, Neuenheimer Landstra\u00dfe 3a , 69120 Heidelberg<\/p><p>Referent Whisky: Simon Jakob<\/p><p>An diesem Tastingabend stellen wir Euch alle derzeit aktiven und mit aktuellem Destillat verf\u00fcgbaren Destillerien der Whiskyinsel Islay vor. Von jeder Destillerie werden wir je zwei, ggf. sogar 3 Whiskys zur Verf\u00fcgung stellen von denen ihr Euch einen Dram ausw\u00e4hlen k\u00f6nnt. <br \/>Wir werden einen Ardnahoe in Fassst\u00e4rke am Start haben, mehrere Feis Ile-Abf\u00fcllungen und auch wieder diverse interessante Fassreifungen oder Finishs. (Calvados \/ Amontillado Sherry \/ Port \/ PX \/ u.a.)<\/p><p>Enthalten: 9 Whiskys, Tischwasser, Vorstellung der Destillerien und Whiskys, jede Menge Spa\u00df beim Ausw\u00e4hlen.<\/p><p><strong>Preis: 85 \u20ac pro Person<\/strong><\/p><p>Es wird um entsprechende Anmeldung gebeten. Z.B. an info@heidelberg-highlands.de<\/p><p>Speisen und weitere Getr\u00e4nke werden mit der \u00f6rtlichen Gastronomie abgerechnet.<\/p><p>Wir freuen uns auf diesen besonderen Abend mit Euch.<\/p><p>Gr\u00fc\u00dfe<\/p><p>Simon<br \/>Heidelberg Highlands<\/p>\t\t\t\t\t\t\t\t<\/div>\n\t\t\t\t<\/div>\n\t\t\t\t\t<\/div>\n\t\t<\/div>\n\t\t\t\t<div class=\"elementor-column elementor-col-33 elementor-top-column elementor-element elementor-element-4c00b81\" data-id=\"4c00b81\" data-element_type=\"column\" data-e-type=\"column\">\n\t\t\t<div class=\"elementor-widget-wrap elementor-element-populated\">\n\t\t\t\t\t\t<div class=\"elementor-element elementor-element-5678e2c elementor-align-center elementor-tablet-align-center elementor-widget elementor-widget-button\" data-id=\"5678e2c\" data-element_type=\"widget\" data-e-type=\"widget\" data-widget_type=\"button.default\">\n\t\t\t\t<div class=\"elementor-widget-container\">\n\t\t\t\t\t\t\t\t\t<div class=\"elementor-button-wrapper\">\n\t\t\t\t\t<a class=\"elementor-button elementor-button-link elementor-size-sm\" href=\"http:\/\/www.heidelberg-highlands.de\/wp\/wp-content\/uploads\/2026\/01\/HDH_Veranstaltungen_DIN-L_6S_4c_2026.pdf\">\n\t\t\t\t\t\t<span class=\"elementor-button-content-wrapper\">\n\t\t\t\t\t\t\t\t\t<span class=\"elementor-button-text\">mehr \u00bb<\/span>\n\t\t\t\t\t<\/span>\n\t\t\t\t\t<\/a>\n\t\t\t\t<\/div>\n\t\t\t\t\t\t\t\t<\/div>\n\t\t\t\t<\/div>\n\t\t\t\t\t<\/div>\n\t\t<\/div>\n\t\t\t\t\t<\/div>\n\t\t<\/section>\n\t\t\t\t<\/div>\n\t\t","protected":false},"excerpt":{"rendered":"<p>Herzlich willkommen Whiskyfreunde auf dieser Internetseite wollen wir von Heidelberg Highlands Euch \u00fcber uns und unsere Angebote informieren. Aus der Idee: \u201elass uns doch mal ein ganzes Fass Whisky kaufen\u201c hat sich nunmehr die Firma Heidelberg Highlands entwickelt, denn wer kann schon alleine180 oder mehr Flaschen Whisky von einer Sorte trinken. Deswegen wollen wir von [&hellip;]<\/p>\n","protected":false},"author":1,"featured_media":0,"parent":0,"menu_order":1,"comment_status":"closed","ping_status":"closed","template":"","meta":{"site-sidebar-layout":"no-sidebar","site-content-layout":"page-builder","ast-site-content-layout":"default","site-content-style":"default","site-sidebar-style":"default","ast-global-header-display":"","ast-banner-title-visibility":"","ast-main-header-display":"","ast-hfb-above-header-display":"","ast-hfb-below-header-display":"","ast-hfb-mobile-header-display":"","site-post-title":"","ast-breadcrumbs-content":"","ast-featured-img":"disabled","footer-sml-layout":"","theme-transparent-header-meta":"default","adv-header-id-meta":"","stick-header-meta":"","header-above-stick-meta":"","header-main-stick-meta":"","header-below-stick-meta":"","astra-migrate-meta-layouts":"default","ast-page-background-enabled":"default","ast-page-background-meta":{"desktop":{"background-color":"","background-image":"","background-repeat":"repeat","background-position":"center center","background-size":"auto","background-attachment":"scroll","background-type":"","background-media":"","overlay-type":"","overlay-color":"","overlay-opacity":"","overlay-gradient":""},"tablet":{"background-color":"","background-image":"","background-repeat":"repeat","background-position":"center center","background-size":"auto","background-attachment":"scroll","background-type":"","background-media":"","overlay-type":"","overlay-color":"","overlay-opacity":"","overlay-gradient":""},"mobile":{"background-color":"","background-image":"","background-repeat":"repeat","background-position":"center center","background-size":"auto","background-attachment":"scroll","background-type":"","background-media":"","overlay-type":"","overlay-color":"","overlay-opacity":"","overlay-gradient":""}},"ast-content-background-meta":{"desktop":{"background-color":"var(--ast-global-color-5)","background-image":"","background-repeat":"repeat","background-position":"center center","background-size":"auto","background-attachment":"scroll","background-type":"","background-media":"","overlay-type":"","overlay-color":"","overlay-opacity":"","overlay-gradient":""},"tablet":{"background-color":"var(--ast-global-color-5)","background-image":"","background-repeat":"repeat","background-position":"center center","background-size":"auto","background-attachment":"scroll","background-type":"","background-media":"","overlay-type":"","overlay-color":"","overlay-opacity":"","overlay-gradient":""},"mobile":{"background-color":"var(--ast-global-color-5)","background-image":"","background-repeat":"repeat","background-position":"center center","background-size":"auto","background-attachment":"scroll","background-type":"","background-media":"","overlay-type":"","overlay-color":"","overlay-opacity":"","overlay-gradient":""}},"footnotes":""},"class_list":["post-5","page","type-page","status-publish","hentry"],"_links":{"self":[{"href":"http:\/\/www.heidelberg-highlands.de\/wp\/index.php?rest_route=\/wp\/v2\/pages\/5","targetHints":{"allow":["GET"]}}],"collection":[{"href":"http:\/\/www.heidelberg-highlands.de\/wp\/index.php?rest_route=\/wp\/v2\/pages"}],"about":[{"href":"http:\/\/www.heidelberg-highlands.de\/wp\/index.php?rest_route=\/wp\/v2\/types\/page"}],"author":[{"embeddable":true,"href":"http:\/\/www.heidelberg-highlands.de\/wp\/index.php?rest_route=\/wp\/v2\/users\/1"}],"replies":[{"embeddable":true,"href":"http:\/\/www.heidelberg-highlands.de\/wp\/index.php?rest_route=%2Fwp%2Fv2%2Fcomments&post=5"}],"version-history":[{"count":98,"href":"http:\/\/www.heidelberg-highlands.de\/wp\/index.php?rest_route=\/wp\/v2\/pages\/5\/revisions"}],"predecessor-version":[{"id":1405,"href":"http:\/\/www.heidelberg-highlands.de\/wp\/index.php?rest_route=\/wp\/v2\/pages\/5\/revisions\/1405"}],"wp:attachment":[{"href":"http:\/\/www.heidelberg-highlands.de\/wp\/index.php?rest_route=%2Fwp%2Fv2%2Fmedia&parent=5"}],"curies":[{"name":"wp","href":"https:\/\/api.w.org\/{rel}","templated":true}]}}