{"id":256,"date":"2021-10-03T13:58:49","date_gmt":"2021-10-03T11:58:49","guid":{"rendered":"http:\/\/heidelberg-highlands.de\/wp\/?page_id=256"},"modified":"2026-01-18T15:11:43","modified_gmt":"2026-01-18T14:11:43","slug":"veranstaltungen-2","status":"publish","type":"page","link":"http:\/\/www.heidelberg-highlands.de\/wp\/?page_id=256","title":{"rendered":"Veranstaltungen"},"content":{"rendered":"\t\t<div data-elementor-type=\"wp-post\" data-elementor-id=\"256\" class=\"elementor elementor-256\">\n\t\t\t\t\t\t<section class=\"elementor-section elementor-top-section elementor-element elementor-element-004b68d elementor-section-boxed elementor-section-height-default elementor-section-height-default\" data-id=\"004b68d\" data-element_type=\"section\" data-e-type=\"section\">\n\t\t\t\t\t\t<div class=\"elementor-container elementor-column-gap-default\">\n\t\t\t\t\t<div class=\"elementor-column elementor-col-100 elementor-top-column elementor-element elementor-element-7dfafc0\" data-id=\"7dfafc0\" data-element_type=\"column\" data-e-type=\"column\">\n\t\t\t<div class=\"elementor-widget-wrap elementor-element-populated\">\n\t\t\t\t\t\t<div class=\"elementor-element elementor-element-148b218 elementor-widget elementor-widget-html\" data-id=\"148b218\" data-element_type=\"widget\" data-e-type=\"widget\" data-widget_type=\"html.default\">\n\t\t\t\t<div class=\"elementor-widget-container\">\n\t\t\t\t\t\t\t\t\t<\/div>\n\t\t\t\t<\/div>\n\t\t\t\t<div class=\"elementor-element elementor-element-86ba21f elementor-widget elementor-widget-heading\" data-id=\"86ba21f\" data-element_type=\"widget\" data-e-type=\"widget\" data-widget_type=\"heading.default\">\n\t\t\t\t<div class=\"elementor-widget-container\">\n\t\t\t\t\t<h2 class=\"elementor-heading-title elementor-size-default\"><br>Islay-Tasting 14.03.2026<\/h2>\t\t\t\t<\/div>\n\t\t\t\t<\/div>\n\t\t\t\t<div class=\"elementor-element elementor-element-1864359 elementor-widget elementor-widget-text-editor\" data-id=\"1864359\" data-element_type=\"widget\" data-e-type=\"widget\" data-widget_type=\"text-editor.default\">\n\t\t\t\t<div class=\"elementor-widget-container\">\n\t\t\t\t\t\t\t\t\t<p>Liebe Whiskyfreunde,<br \/><br \/>der gestrige Whisky-Stammtisch hat echt Lust auf mehr gemacht. Im Februar folgt zeitnah die Whisky-Spring. Deswegen dauert es zwar noch etwas, dennoch m\u00f6chte ich Euch hiermit gleich herzlich zu unserem Tasting-Highlight im M\u00e4rz einladen:<br \/><br \/><strong>Islay-Tasting: \u201cChoose your Warrior!\u201c<\/strong><br \/><br \/>Wann: 14.03.2026 ab 19 Uhr<br \/>Wo: Zum Achter, Neuenheimer Landstra\u00dfe 3a , 69120 Heidelberg<br \/><br \/>Referent Whisky: Simon Jakob<br \/><br \/>An diesem Tastingabend stellen wir Euch alle derzeit aktiven und mit aktuellem Destillat verf\u00fcgbaren Destillerien der Whiskyinsel Islay vor. Von jeder Destillerie werden wir je zwei, ggf. sogar 3 Whiskys zur Verf\u00fcgung stellen von denen ihr Euch einen Dram ausw\u00e4hlen k\u00f6nnt. <br \/>Wir werden einen Ardnahoe in Fassst\u00e4rke am Start haben, mehrere Feis Ile-Abf\u00fcllungen und auch wieder diverse interessante Fassreifungen oder Finishs. (Calvados \/ Amontillado Sherry \/ Port \/ PX \/ u.a.) <br \/><br \/>Enthalten: 9 Whiskys, Tischwasser, Vorstellung der Destillerien und Whiskys, jede Menge Spa\u00df beim Ausw\u00e4hlen.<br \/><br \/><strong>Preis: 85 \u20ac pro Person<\/strong><br \/><br \/>Es wird um entsprechende Anmeldung gebeten. Z.B. an info@heidelberg-highlands.de<br \/><br \/>Speisen und weitere Getr\u00e4nke werden mit der \u00f6rtlichen Gastronomie abgerechnet.<br \/><br \/>Wir freuen uns auf diesen besonderen Abend mit Euch.<br \/><br \/>Gr\u00fc\u00dfe<br \/><br \/>Simon<br \/>Heidelberg Highlands<\/p>\t\t\t\t\t\t\t\t<\/div>\n\t\t\t\t<\/div>\n\t\t\t\t\t<\/div>\n\t\t<\/div>\n\t\t\t\t\t<\/div>\n\t\t<\/section>\n\t\t\t\t<section class=\"elementor-section elementor-top-section elementor-element elementor-element-6e2a670 elementor-section-boxed elementor-section-height-default elementor-section-height-default\" data-id=\"6e2a670\" data-element_type=\"section\" data-e-type=\"section\">\n\t\t\t\t\t\t<div class=\"elementor-container elementor-column-gap-default\">\n\t\t\t\t\t<div class=\"elementor-column elementor-col-100 elementor-top-column elementor-element elementor-element-9d45ce0\" data-id=\"9d45ce0\" data-element_type=\"column\" data-e-type=\"column\">\n\t\t\t<div class=\"elementor-widget-wrap\">\n\t\t\t\t\t\t\t<\/div>\n\t\t<\/div>\n\t\t\t\t\t<\/div>\n\t\t<\/section>\n\t\t\t\t<section class=\"elementor-section elementor-top-section elementor-element elementor-element-b16c001 elementor-section-boxed elementor-section-height-default elementor-section-height-default\" data-id=\"b16c001\" data-element_type=\"section\" data-e-type=\"section\">\n\t\t\t\t\t\t<div class=\"elementor-container elementor-column-gap-default\">\n\t\t\t\t\t<div class=\"elementor-column elementor-col-100 elementor-top-column elementor-element elementor-element-7e6c916\" data-id=\"7e6c916\" data-element_type=\"column\" data-e-type=\"column\">\n\t\t\t<div class=\"elementor-widget-wrap elementor-element-populated\">\n\t\t\t\t\t\t<div class=\"elementor-element elementor-element-2cf2ab2 content-align-cta-default elementor-widget elementor-widget-eael-cta-box\" data-id=\"2cf2ab2\" data-element_type=\"widget\" data-e-type=\"widget\" data-widget_type=\"eael-cta-box.default\">\n\t\t\t\t<div class=\"elementor-widget-container\">\n\t\t\t\t\t\t\t<div class=\"eael-call-to-action cta-basic bg-lite cta-preset-1\">\n        <h2 class=\"title eael-cta-heading\">Events<\/h2><p>Wir veranstalten regelm\u00e4\u00dfig \u00fcber das Jahr verteilt interessante Whisky Veranstaltungen \u2013 hier die Jahres\u00fcbersicht zum download!<\/p><a href=\"http:\/\/www.heidelberg-highlands.de\/wp\/wp-content\/uploads\/2026\/01\/HDH_Veranstaltungen_DIN-L_6S_4c_2026.pdf\" class=\"cta-button cta-preset-1  \">Download (PDF)<\/a>\t<\/div>\n\t\t\t\t\t\t\t\t<\/div>\n\t\t\t\t<\/div>\n\t\t\t\t\t<\/div>\n\t\t<\/div>\n\t\t\t\t\t<\/div>\n\t\t<\/section>\n\t\t\t\t<\/div>\n\t\t","protected":false},"excerpt":{"rendered":"<p>Islay-Tasting 14.03.2026 Liebe Whiskyfreunde, der gestrige Whisky-Stammtisch hat echt Lust auf mehr gemacht. Im Februar folgt zeitnah die Whisky-Spring. Deswegen dauert es zwar noch etwas, dennoch m\u00f6chte ich Euch hiermit gleich herzlich zu unserem Tasting-Highlight im M\u00e4rz einladen: Islay-Tasting: \u201cChoose your Warrior!\u201c Wann: 14.03.2026 ab 19 UhrWo: Zum Achter, Neuenheimer Landstra\u00dfe 3a , 69120 Heidelberg [&hellip;]<\/p>\n","protected":false},"author":1,"featured_media":0,"parent":0,"menu_order":3,"comment_status":"closed","ping_status":"closed","template":"","meta":{"site-sidebar-layout":"no-sidebar","site-content-layout":"page-builder","ast-site-content-layout":"default","site-content-style":"default","site-sidebar-style":"default","ast-global-header-display":"","ast-banner-title-visibility":"","ast-main-header-display":"","ast-hfb-above-header-display":"","ast-hfb-below-header-display":"","ast-hfb-mobile-header-display":"","site-post-title":"","ast-breadcrumbs-content":"","ast-featured-img":"disabled","footer-sml-layout":"","theme-transparent-header-meta":"default","adv-header-id-meta":"","stick-header-meta":"","header-above-stick-meta":"","header-main-stick-meta":"","header-below-stick-meta":"","astra-migrate-meta-layouts":"default","ast-page-background-enabled":"default","ast-page-background-meta":{"desktop":{"background-color":"","background-image":"","background-repeat":"repeat","background-position":"center center","background-size":"auto","background-attachment":"scroll","background-type":"","background-media":"","overlay-type":"","overlay-color":"","overlay-opacity":"","overlay-gradient":""},"tablet":{"background-color":"","background-image":"","background-repeat":"repeat","background-position":"center center","background-size":"auto","background-attachment":"scroll","background-type":"","background-media":"","overlay-type":"","overlay-color":"","overlay-opacity":"","overlay-gradient":""},"mobile":{"background-color":"","background-image":"","background-repeat":"repeat","background-position":"center center","background-size":"auto","background-attachment":"scroll","background-type":"","background-media":"","overlay-type":"","overlay-color":"","overlay-opacity":"","overlay-gradient":""}},"ast-content-background-meta":{"desktop":{"background-color":"var(--ast-global-color-5)","background-image":"","background-repeat":"repeat","background-position":"center center","background-size":"auto","background-attachment":"scroll","background-type":"","background-media":"","overlay-type":"","overlay-color":"","overlay-opacity":"","overlay-gradient":""},"tablet":{"background-color":"var(--ast-global-color-5)","background-image":"","background-repeat":"repeat","background-position":"center center","background-size":"auto","background-attachment":"scroll","background-type":"","background-media":"","overlay-type":"","overlay-color":"","overlay-opacity":"","overlay-gradient":""},"mobile":{"background-color":"var(--ast-global-color-5)","background-image":"","background-repeat":"repeat","background-position":"center center","background-size":"auto","background-attachment":"scroll","background-type":"","background-media":"","overlay-type":"","overlay-color":"","overlay-opacity":"","overlay-gradient":""}},"footnotes":""},"class_list":["post-256","page","type-page","status-publish","hentry"],"_links":{"self":[{"href":"http:\/\/www.heidelberg-highlands.de\/wp\/index.php?rest_route=\/wp\/v2\/pages\/256","targetHints":{"allow":["GET"]}}],"collection":[{"href":"http:\/\/www.heidelberg-highlands.de\/wp\/index.php?rest_route=\/wp\/v2\/pages"}],"about":[{"href":"http:\/\/www.heidelberg-highlands.de\/wp\/index.php?rest_route=\/wp\/v2\/types\/page"}],"author":[{"embeddable":true,"href":"http:\/\/www.heidelberg-highlands.de\/wp\/index.php?rest_route=\/wp\/v2\/users\/1"}],"replies":[{"embeddable":true,"href":"http:\/\/www.heidelberg-highlands.de\/wp\/index.php?rest_route=%2Fwp%2Fv2%2Fcomments&post=256"}],"version-history":[{"count":70,"href":"http:\/\/www.heidelberg-highlands.de\/wp\/index.php?rest_route=\/wp\/v2\/pages\/256\/revisions"}],"predecessor-version":[{"id":1408,"href":"http:\/\/www.heidelberg-highlands.de\/wp\/index.php?rest_route=\/wp\/v2\/pages\/256\/revisions\/1408"}],"wp:attachment":[{"href":"http:\/\/www.heidelberg-highlands.de\/wp\/index.php?rest_route=%2Fwp%2Fv2%2Fmedia&parent=256"}],"curies":[{"name":"wp","href":"https:\/\/api.w.org\/{rel}","templated":true}]}}